{"id":7252,"date":"2024-06-20T15:27:22","date_gmt":"2024-06-20T13:27:22","guid":{"rendered":"https:\/\/eam-scientific.com\/?post_type=product&#038;p=7252"},"modified":"2024-06-20T15:27:27","modified_gmt":"2024-06-20T13:27:27","slug":"ec-hplc-saeule-analytisch-nucleodur-100-3-c18-ec-3-%c2%b5m-75x46-mm","status":"publish","type":"product","link":"https:\/\/eam-scientific.com\/de\/produkt\/ec-hplc-saeule-analytisch-nucleodur-100-3-c18-ec-3-%c2%b5m-75x46-mm\/","title":{"rendered":"EC HPLC-S\u00e4ule (analytisch), NUCLEODUR 100-3 C18 ec, 3 \u00b5m, 75&#215;4,6 mm"},"content":{"rendered":"<p>Standard RP-Phase (110 \u00c5) f\u00fcr die t\u00e4gliche Routineanalytik und Up-Scaling auf pr\u00e4parative HPLC. Diese Octadecyl-Modifizierung basiert auf dem hochreinen Kieselgel NUCLEODUR.<\/p>\n","protected":false},"excerpt":{"rendered":"<p>Standard RP-Phase (110 \u00c5) f\u00fcr die t\u00e4gliche Routineanalytik und Up-Scaling auf pr\u00e4parative HPLC. Diese Octadecyl-Modifizierung basiert auf dem hochreinen Kieselgel NUCLEODUR.<\/p>\n","protected":false},"featured_media":7267,"comment_status":"open","ping_status":"closed","template":"","meta":[],"product_cat":[25,52,53],"product_tag":[],"class_list":{"0":"post-7252","1":"product","2":"type-product","3":"status-publish","4":"has-post-thumbnail","6":"product_cat-chromatographie","7":"product_cat-hplc-und-uhplc","8":"product_cat-hplc-und-uhplc-saeulen","10":"first","11":"instock","12":"shipping-taxable","13":"product-type-simple"},"_links":{"self":[{"href":"https:\/\/eam-scientific.com\/de\/wp-json\/wp\/v2\/product\/7252","targetHints":{"allow":["GET"]}}],"collection":[{"href":"https:\/\/eam-scientific.com\/de\/wp-json\/wp\/v2\/product"}],"about":[{"href":"https:\/\/eam-scientific.com\/de\/wp-json\/wp\/v2\/types\/product"}],"replies":[{"embeddable":true,"href":"https:\/\/eam-scientific.com\/de\/wp-json\/wp\/v2\/comments?post=7252"}],"wp:featuredmedia":[{"embeddable":true,"href":"https:\/\/eam-scientific.com\/de\/wp-json\/wp\/v2\/media\/7267"}],"wp:attachment":[{"href":"https:\/\/eam-scientific.com\/de\/wp-json\/wp\/v2\/media?parent=7252"}],"wp:term":[{"taxonomy":"product_cat","embeddable":true,"href":"https:\/\/eam-scientific.com\/de\/wp-json\/wp\/v2\/product_cat?post=7252"},{"taxonomy":"product_tag","embeddable":true,"href":"https:\/\/eam-scientific.com\/de\/wp-json\/wp\/v2\/product_tag?post=7252"}],"curies":[{"name":"wp","href":"https:\/\/api.w.org\/{rel}","templated":true}]}}