{"id":7260,"date":"2024-06-20T15:27:23","date_gmt":"2024-06-20T13:27:23","guid":{"rendered":"https:\/\/eam-scientific.com\/?post_type=product&#038;p=7260"},"modified":"2024-06-20T15:27:33","modified_gmt":"2024-06-20T13:27:33","slug":"va-hplc-saeule-analytisch-nucleogel-sugar-810-h-8-10-%c2%b5m-300x78-mm","status":"publish","type":"product","link":"https:\/\/eam-scientific.com\/de\/produkt\/va-hplc-saeule-analytisch-nucleogel-sugar-810-h-8-10-%c2%b5m-300x78-mm\/","title":{"rendered":"VA HPLC-S\u00e4ule (analytisch), NUCLEOGEL SUGAR 810 H, 8\u201310 \u00b5m, 300&#215;7,8 mm"},"content":{"rendered":"<p>Polymer-basierte HPLC-Phase zur Trennung von Zuckern. Sulfonierte Polystyrol\/Divinylbenzolharze in H-Ionenform. Durch ein anderes Selektivit\u00e4tsmuster im Vergleich zu NUCLEOGEL SUGAR S\u00e4ulen wird der Anwendungsbereich erheblich erweitert. Der Trennmechanismus beruht auf Ionenausschluss, Ionenaustausch, Gr\u00f6\u00dfenausschluss, Ligandenaustausch sowie NP- und RP-Chromatographie.<\/p>\n","protected":false},"excerpt":{"rendered":"<p>Polymer-basierte HPLC-Phase zur Trennung von Zuckern. Sulfonierte Polystyrol\/Divinylbenzolharze in H-Ionenform. Durch ein anderes Selektivit\u00e4tsmuster im Vergleich zu NUCLEOGEL SUGAR S\u00e4ulen wird der Anwendungsbereich erheblich erweitert. Der Trennmechanismus beruht auf Ionenausschluss, Ionenaustausch, Gr\u00f6\u00dfenausschluss, Ligandenaustausch sowie NP- und RP-Chromatographie.<\/p>\n","protected":false},"featured_media":7275,"comment_status":"open","ping_status":"closed","template":"","meta":[],"product_cat":[25,52,53],"product_tag":[],"class_list":{"0":"post-7260","1":"product","2":"type-product","3":"status-publish","4":"has-post-thumbnail","6":"product_cat-chromatographie","7":"product_cat-hplc-und-uhplc","8":"product_cat-hplc-und-uhplc-saeulen","10":"first","11":"instock","12":"shipping-taxable","13":"product-type-simple"},"_links":{"self":[{"href":"https:\/\/eam-scientific.com\/de\/wp-json\/wp\/v2\/product\/7260","targetHints":{"allow":["GET"]}}],"collection":[{"href":"https:\/\/eam-scientific.com\/de\/wp-json\/wp\/v2\/product"}],"about":[{"href":"https:\/\/eam-scientific.com\/de\/wp-json\/wp\/v2\/types\/product"}],"replies":[{"embeddable":true,"href":"https:\/\/eam-scientific.com\/de\/wp-json\/wp\/v2\/comments?post=7260"}],"wp:featuredmedia":[{"embeddable":true,"href":"https:\/\/eam-scientific.com\/de\/wp-json\/wp\/v2\/media\/7275"}],"wp:attachment":[{"href":"https:\/\/eam-scientific.com\/de\/wp-json\/wp\/v2\/media?parent=7260"}],"wp:term":[{"taxonomy":"product_cat","embeddable":true,"href":"https:\/\/eam-scientific.com\/de\/wp-json\/wp\/v2\/product_cat?post=7260"},{"taxonomy":"product_tag","embeddable":true,"href":"https:\/\/eam-scientific.com\/de\/wp-json\/wp\/v2\/product_tag?post=7260"}],"curies":[{"name":"wp","href":"https:\/\/api.w.org\/{rel}","templated":true}]}}