{"id":7310,"date":"2024-06-20T15:27:54","date_gmt":"2024-06-20T13:27:54","guid":{"rendered":"https:\/\/eam-scientific.com\/?post_type=product&#038;p=7310"},"modified":"2024-06-20T15:27:55","modified_gmt":"2024-06-20T13:27:55","slug":"ec-hplc-saeule-analytisch-nucleodur-100-3-nh2-rp-3-%c2%b5m-150x46-mm","status":"publish","type":"product","link":"https:\/\/eam-scientific.com\/de\/produkt\/ec-hplc-saeule-analytisch-nucleodur-100-3-nh2-rp-3-%c2%b5m-150x46-mm\/","title":{"rendered":"EC HPLC-S\u00e4ule (analytisch), NUCLEODUR 100-3 NH2-RP, 3 \u00b5m, 150&#215;4,6 mm"},"content":{"rendered":"<p>Diese HPLC-S\u00e4ule ist mit einer polaren Aminopropylmodifizierung gepackt, die auf hochreinem NUCLEODUR-Kieselgel basiert. Diese HPLC-Phase ist in der Lage, ein deutlich erkennbares anderes Retentionsverhalten als rein alkylfunktionalisierte Oberfl\u00e4chenmodifizierungen zu bewirken. Aminomodifizierungen geh\u00f6ren neben Cyanomodifizierungen zu den am h\u00e4ufigsten verwendeten polaren Kieselgelphase. Aminophasen k\u00f6nnen sowohl im RP-Modus mit w\u00e4ssrig-organischen Eluentengemischen als auch im NP-Modus betrieben werden, z.B. mit Hexan als mobiler Phase. Auch die Ionenaustauschchromatographie von Anionen und organischen S\u00e4uren mit g\u00e4ngigen Puffern (z.B. Acetat oder Phosphat) in Verbindung mit organischen Modifiern (z.B. Acetonitril) ist m\u00f6glich. Trennmechanismus basierend auf polaren Wechselwirkungen, hydrophoben Wechselwirkungen und schwachen Ionenaustauscher-Wechselwirkungen.<\/p>\n","protected":false},"excerpt":{"rendered":"<p>Diese HPLC-S\u00e4ule ist mit einer polaren Aminopropylmodifizierung gepackt, die auf hochreinem NUCLEODUR-Kieselgel basiert. Diese HPLC-Phase ist in der Lage, ein deutlich erkennbares anderes Retentionsverhalten als rein alkylfunktionalisierte Oberfl\u00e4chenmodifizierungen zu bewirken. Aminomodifizierungen geh\u00f6ren neben Cyanomodifizierungen zu den am h\u00e4ufigsten verwendeten polaren Kieselgelphase. Aminophasen k\u00f6nnen sowohl im RP-Modus mit w\u00e4ssrig-organischen Eluentengemischen als auch im NP-Modus betrieben werden, [&hellip;]<\/p>\n","protected":false},"featured_media":7315,"comment_status":"open","ping_status":"closed","template":"","meta":[],"product_cat":[25,52,53],"product_tag":[],"class_list":{"0":"post-7310","1":"product","2":"type-product","3":"status-publish","4":"has-post-thumbnail","6":"product_cat-chromatographie","7":"product_cat-hplc-und-uhplc","8":"product_cat-hplc-und-uhplc-saeulen","10":"first","11":"instock","12":"shipping-taxable","13":"product-type-simple"},"_links":{"self":[{"href":"https:\/\/eam-scientific.com\/de\/wp-json\/wp\/v2\/product\/7310","targetHints":{"allow":["GET"]}}],"collection":[{"href":"https:\/\/eam-scientific.com\/de\/wp-json\/wp\/v2\/product"}],"about":[{"href":"https:\/\/eam-scientific.com\/de\/wp-json\/wp\/v2\/types\/product"}],"replies":[{"embeddable":true,"href":"https:\/\/eam-scientific.com\/de\/wp-json\/wp\/v2\/comments?post=7310"}],"wp:featuredmedia":[{"embeddable":true,"href":"https:\/\/eam-scientific.com\/de\/wp-json\/wp\/v2\/media\/7315"}],"wp:attachment":[{"href":"https:\/\/eam-scientific.com\/de\/wp-json\/wp\/v2\/media?parent=7310"}],"wp:term":[{"taxonomy":"product_cat","embeddable":true,"href":"https:\/\/eam-scientific.com\/de\/wp-json\/wp\/v2\/product_cat?post=7310"},{"taxonomy":"product_tag","embeddable":true,"href":"https:\/\/eam-scientific.com\/de\/wp-json\/wp\/v2\/product_tag?post=7310"}],"curies":[{"name":"wp","href":"https:\/\/api.w.org\/{rel}","templated":true}]}}