{"id":7333,"date":"2024-06-20T15:28:02","date_gmt":"2024-06-20T13:28:02","guid":{"rendered":"https:\/\/eam-scientific.com\/?post_type=product&#038;p=7333"},"modified":"2024-06-20T15:28:43","modified_gmt":"2024-06-20T13:28:43","slug":"varioprep-vorsaeulenhalter-fuer-vp-15-50-vorsaeulen","status":"publish","type":"product","link":"https:\/\/eam-scientific.com\/de\/produkt\/varioprep-vorsaeulenhalter-fuer-vp-15-50-vorsaeulen\/","title":{"rendered":"VarioPrep Vors\u00e4ulenhalter f\u00fcr VP 15\/50 Vors\u00e4ulen"},"content":{"rendered":"<p>VarioPrep Vors\u00e4ulenhalter f\u00fcr (kurz) 50 mm ID VP 15\/50 S\u00e4ulen. Empfohlen f\u00fcr VarioPrep (VP) S\u00e4ulen mit 50 mm ID oder gr\u00f6\u00dfer.<\/p>\n","protected":false},"excerpt":{"rendered":"<p>VarioPrep Vors\u00e4ulenhalter f\u00fcr (kurz) 50 mm ID VP 15\/50 S\u00e4ulen. Empfohlen f\u00fcr VarioPrep (VP) S\u00e4ulen mit 50 mm ID oder gr\u00f6\u00dfer.<\/p>\n","protected":false},"featured_media":7370,"comment_status":"open","ping_status":"closed","template":"","meta":[],"product_cat":[25,52,55],"product_tag":[],"class_list":{"0":"post-7333","1":"product","2":"type-product","3":"status-publish","4":"has-post-thumbnail","6":"product_cat-chromatographie","7":"product_cat-hplc-und-uhplc","8":"product_cat-hplc-zubehoer","10":"first","11":"instock","12":"shipping-taxable","13":"product-type-simple"},"_links":{"self":[{"href":"https:\/\/eam-scientific.com\/de\/wp-json\/wp\/v2\/product\/7333","targetHints":{"allow":["GET"]}}],"collection":[{"href":"https:\/\/eam-scientific.com\/de\/wp-json\/wp\/v2\/product"}],"about":[{"href":"https:\/\/eam-scientific.com\/de\/wp-json\/wp\/v2\/types\/product"}],"replies":[{"embeddable":true,"href":"https:\/\/eam-scientific.com\/de\/wp-json\/wp\/v2\/comments?post=7333"}],"wp:featuredmedia":[{"embeddable":true,"href":"https:\/\/eam-scientific.com\/de\/wp-json\/wp\/v2\/media\/7370"}],"wp:attachment":[{"href":"https:\/\/eam-scientific.com\/de\/wp-json\/wp\/v2\/media?parent=7333"}],"wp:term":[{"taxonomy":"product_cat","embeddable":true,"href":"https:\/\/eam-scientific.com\/de\/wp-json\/wp\/v2\/product_cat?post=7333"},{"taxonomy":"product_tag","embeddable":true,"href":"https:\/\/eam-scientific.com\/de\/wp-json\/wp\/v2\/product_tag?post=7333"}],"curies":[{"name":"wp","href":"https:\/\/api.w.org\/{rel}","templated":true}]}}