{"id":7335,"date":"2024-06-20T15:28:02","date_gmt":"2024-06-20T13:28:02","guid":{"rendered":"https:\/\/eam-scientific.com\/?post_type=product&#038;p=7335"},"modified":"2024-06-20T15:28:46","modified_gmt":"2024-06-20T13:28:46","slug":"ersatzferrule-fuer-hplc-vorsaeulenhalter-ref-718966-peek-partikelgroesse-2-%c2%b5m","status":"publish","type":"product","link":"https:\/\/eam-scientific.com\/de\/produkt\/ersatzferrule-fuer-hplc-vorsaeulenhalter-ref-718966-peek-partikelgroesse-2-%c2%b5m\/","title":{"rendered":"Ersatzferrule f\u00fcr HPLC Vors\u00e4ulenhalter (REF 718966), PEEK, Partikelgr\u00f6\u00dfe < 2 \u00b5m"},"content":{"rendered":"<p>Ersatzferrulen f\u00fcr Column Protection System &#8211; der universelle Schutzs\u00e4ulenhalter (REF 718966). Hergestellt aus speziellem PEEK f\u00fcr HPLC\/UHPLC-S\u00e4ulen mit station\u00e4ren Phasen mit einer Partikelgr\u00f6\u00dfe von < 2 \u00b5m.\n<\/p>\n","protected":false},"excerpt":{"rendered":"<p>Ersatzferrulen f\u00fcr Column Protection System &#8211; der universelle Schutzs\u00e4ulenhalter (REF 718966). Hergestellt aus speziellem PEEK f\u00fcr HPLC\/UHPLC-S\u00e4ulen mit station\u00e4ren Phasen mit einer Partikelgr\u00f6\u00dfe von < 2 \u00b5m.\n<\/p>\n","protected":false},"featured_media":7380,"comment_status":"open","ping_status":"closed","template":"","meta":[],"product_cat":[25,52,55],"product_tag":[],"class_list":{"0":"post-7335","1":"product","2":"type-product","3":"status-publish","4":"has-post-thumbnail","6":"product_cat-chromatographie","7":"product_cat-hplc-und-uhplc","8":"product_cat-hplc-zubehoer","10":"first","11":"instock","12":"shipping-taxable","13":"product-type-simple"},"_links":{"self":[{"href":"https:\/\/eam-scientific.com\/de\/wp-json\/wp\/v2\/product\/7335","targetHints":{"allow":["GET"]}}],"collection":[{"href":"https:\/\/eam-scientific.com\/de\/wp-json\/wp\/v2\/product"}],"about":[{"href":"https:\/\/eam-scientific.com\/de\/wp-json\/wp\/v2\/types\/product"}],"replies":[{"embeddable":true,"href":"https:\/\/eam-scientific.com\/de\/wp-json\/wp\/v2\/comments?post=7335"}],"wp:featuredmedia":[{"embeddable":true,"href":"https:\/\/eam-scientific.com\/de\/wp-json\/wp\/v2\/media\/7380"}],"wp:attachment":[{"href":"https:\/\/eam-scientific.com\/de\/wp-json\/wp\/v2\/media?parent=7335"}],"wp:term":[{"taxonomy":"product_cat","embeddable":true,"href":"https:\/\/eam-scientific.com\/de\/wp-json\/wp\/v2\/product_cat?post=7335"},{"taxonomy":"product_tag","embeddable":true,"href":"https:\/\/eam-scientific.com\/de\/wp-json\/wp\/v2\/product_tag?post=7335"}],"curies":[{"name":"wp","href":"https:\/\/api.w.org\/{rel}","templated":true}]}}