{"id":7336,"date":"2024-06-20T15:28:02","date_gmt":"2024-06-20T13:28:02","guid":{"rendered":"https:\/\/eam-scientific.com\/?post_type=product&#038;p=7336"},"modified":"2024-06-20T15:28:47","modified_gmt":"2024-06-20T13:28:47","slug":"ferrule-1-16-peek","status":"publish","type":"product","link":"https:\/\/eam-scientific.com\/de\/produkt\/ferrule-1-16-peek\/","title":{"rendered":"Ferrule 1\/16&#8243;, PEEK"},"content":{"rendered":"<p>PEEK (PolyEtherEtherKeton) ist ein Hochleistungspolymer aus der Gruppe der Polyaryletherketone (PAEK), das bez\u00fcglich seiner chemischen Best\u00e4ndigkeit und seiner hohen mechanischen Stabilit\u00e4t alle Anforderungen f\u00fcr HPLC-Anwendungen erf\u00fcllt. In einigen Anwendungsbereichen der HPLC, z. B. in der Ionenchromatographie und der Chromatographie von Biopolymeren, erf\u00fcllt PEEK die Anforderungen an einen Nichtmetall-Werkstoff. Alle Verschraubungen k\u00f6nnen von Hand angezogen werden.<\/p>\n","protected":false},"excerpt":{"rendered":"<p>PEEK (PolyEtherEtherKeton) ist ein Hochleistungspolymer aus der Gruppe der Polyaryletherketone (PAEK), das bez\u00fcglich seiner chemischen Best\u00e4ndigkeit und seiner hohen mechanischen Stabilit\u00e4t alle Anforderungen f\u00fcr HPLC-Anwendungen erf\u00fcllt. In einigen Anwendungsbereichen der HPLC, z. B. in der Ionenchromatographie und der Chromatographie von Biopolymeren, erf\u00fcllt PEEK die Anforderungen an einen Nichtmetall-Werkstoff. Alle Verschraubungen k\u00f6nnen von Hand angezogen werden.<\/p>\n","protected":false},"featured_media":7381,"comment_status":"open","ping_status":"closed","template":"","meta":[],"product_cat":[25,52,55],"product_tag":[],"class_list":{"0":"post-7336","1":"product","2":"type-product","3":"status-publish","4":"has-post-thumbnail","6":"product_cat-chromatographie","7":"product_cat-hplc-und-uhplc","8":"product_cat-hplc-zubehoer","10":"first","11":"instock","12":"shipping-taxable","13":"product-type-simple"},"_links":{"self":[{"href":"https:\/\/eam-scientific.com\/de\/wp-json\/wp\/v2\/product\/7336","targetHints":{"allow":["GET"]}}],"collection":[{"href":"https:\/\/eam-scientific.com\/de\/wp-json\/wp\/v2\/product"}],"about":[{"href":"https:\/\/eam-scientific.com\/de\/wp-json\/wp\/v2\/types\/product"}],"replies":[{"embeddable":true,"href":"https:\/\/eam-scientific.com\/de\/wp-json\/wp\/v2\/comments?post=7336"}],"wp:featuredmedia":[{"embeddable":true,"href":"https:\/\/eam-scientific.com\/de\/wp-json\/wp\/v2\/media\/7381"}],"wp:attachment":[{"href":"https:\/\/eam-scientific.com\/de\/wp-json\/wp\/v2\/media?parent=7336"}],"wp:term":[{"taxonomy":"product_cat","embeddable":true,"href":"https:\/\/eam-scientific.com\/de\/wp-json\/wp\/v2\/product_cat?post=7336"},{"taxonomy":"product_tag","embeddable":true,"href":"https:\/\/eam-scientific.com\/de\/wp-json\/wp\/v2\/product_tag?post=7336"}],"curies":[{"name":"wp","href":"https:\/\/api.w.org\/{rel}","templated":true}]}}