{"id":7338,"date":"2024-06-20T15:28:02","date_gmt":"2024-06-20T13:28:02","guid":{"rendered":"https:\/\/eam-scientific.com\/?post_type=product&#038;p=7338"},"modified":"2024-06-20T15:28:50","modified_gmt":"2024-06-20T13:28:50","slug":"vorsaeulenhalter-c-zur-separaten-verwendung-von-21x4-mm-valco-typ-hplc-vorsaeulen","status":"publish","type":"product","link":"https:\/\/eam-scientific.com\/de\/produkt\/vorsaeulenhalter-c-zur-separaten-verwendung-von-21x4-mm-valco-typ-hplc-vorsaeulen\/","title":{"rendered":"Vors\u00e4ulenhalter C zur separaten Verwendung von 21&#215;4 mm Valco-Typ HPLC-Vors\u00e4ulen"},"content":{"rendered":"<p>Schutz f\u00fcr Ihre Chromatographie! Vors\u00e4ulenhalter C zur Verwendung von 21&#215;4 mm Valco-Type (VA) HPLC-Vors\u00e4ulen.<\/p>\n","protected":false},"excerpt":{"rendered":"<p>Schutz f\u00fcr Ihre Chromatographie! Vors\u00e4ulenhalter C zur Verwendung von 21&#215;4 mm Valco-Type (VA) HPLC-Vors\u00e4ulen.<\/p>\n","protected":false},"featured_media":7383,"comment_status":"open","ping_status":"closed","template":"","meta":[],"product_cat":[25,52,55],"product_tag":[],"class_list":{"0":"post-7338","1":"product","2":"type-product","3":"status-publish","4":"has-post-thumbnail","6":"product_cat-chromatographie","7":"product_cat-hplc-und-uhplc","8":"product_cat-hplc-zubehoer","10":"first","11":"instock","12":"shipping-taxable","13":"product-type-simple"},"_links":{"self":[{"href":"https:\/\/eam-scientific.com\/de\/wp-json\/wp\/v2\/product\/7338","targetHints":{"allow":["GET"]}}],"collection":[{"href":"https:\/\/eam-scientific.com\/de\/wp-json\/wp\/v2\/product"}],"about":[{"href":"https:\/\/eam-scientific.com\/de\/wp-json\/wp\/v2\/types\/product"}],"replies":[{"embeddable":true,"href":"https:\/\/eam-scientific.com\/de\/wp-json\/wp\/v2\/comments?post=7338"}],"wp:featuredmedia":[{"embeddable":true,"href":"https:\/\/eam-scientific.com\/de\/wp-json\/wp\/v2\/media\/7383"}],"wp:attachment":[{"href":"https:\/\/eam-scientific.com\/de\/wp-json\/wp\/v2\/media?parent=7338"}],"wp:term":[{"taxonomy":"product_cat","embeddable":true,"href":"https:\/\/eam-scientific.com\/de\/wp-json\/wp\/v2\/product_cat?post=7338"},{"taxonomy":"product_tag","embeddable":true,"href":"https:\/\/eam-scientific.com\/de\/wp-json\/wp\/v2\/product_tag?post=7338"}],"curies":[{"name":"wp","href":"https:\/\/api.w.org\/{rel}","templated":true}]}}