{"id":7339,"date":"2024-06-20T15:28:02","date_gmt":"2024-06-20T13:28:02","guid":{"rendered":"https:\/\/eam-scientific.com\/?post_type=product&#038;p=7339"},"modified":"2024-06-20T15:28:51","modified_gmt":"2024-06-20T13:28:51","slug":"varioprep-vorsaeulenhalter-fuer-vp-10-16-vorsaeulen","status":"publish","type":"product","link":"https:\/\/eam-scientific.com\/de\/produkt\/varioprep-vorsaeulenhalter-fuer-vp-10-16-vorsaeulen\/","title":{"rendered":"VarioPrep Vors\u00e4ulenhalter f\u00fcr VP 10\/16 Vors\u00e4ulen"},"content":{"rendered":"<p>VarioPrep Vors\u00e4ulenhalter (kurz) f\u00fcr 16 mm ID VP 10\/16 S\u00e4ulen. Empfohlen f\u00fcr VarioPrep (VP) S\u00e4ulen mit 16 oder 21 mm ID.<\/p>\n","protected":false},"excerpt":{"rendered":"<p>VarioPrep Vors\u00e4ulenhalter (kurz) f\u00fcr 16 mm ID VP 10\/16 S\u00e4ulen. Empfohlen f\u00fcr VarioPrep (VP) S\u00e4ulen mit 16 oder 21 mm ID.<\/p>\n","protected":false},"featured_media":7384,"comment_status":"open","ping_status":"closed","template":"","meta":[],"product_cat":[25,52,55],"product_tag":[],"class_list":{"0":"post-7339","1":"product","2":"type-product","3":"status-publish","4":"has-post-thumbnail","6":"product_cat-chromatographie","7":"product_cat-hplc-und-uhplc","8":"product_cat-hplc-zubehoer","10":"first","11":"instock","12":"shipping-taxable","13":"product-type-simple"},"_links":{"self":[{"href":"https:\/\/eam-scientific.com\/de\/wp-json\/wp\/v2\/product\/7339","targetHints":{"allow":["GET"]}}],"collection":[{"href":"https:\/\/eam-scientific.com\/de\/wp-json\/wp\/v2\/product"}],"about":[{"href":"https:\/\/eam-scientific.com\/de\/wp-json\/wp\/v2\/types\/product"}],"replies":[{"embeddable":true,"href":"https:\/\/eam-scientific.com\/de\/wp-json\/wp\/v2\/comments?post=7339"}],"wp:featuredmedia":[{"embeddable":true,"href":"https:\/\/eam-scientific.com\/de\/wp-json\/wp\/v2\/media\/7384"}],"wp:attachment":[{"href":"https:\/\/eam-scientific.com\/de\/wp-json\/wp\/v2\/media?parent=7339"}],"wp:term":[{"taxonomy":"product_cat","embeddable":true,"href":"https:\/\/eam-scientific.com\/de\/wp-json\/wp\/v2\/product_cat?post=7339"},{"taxonomy":"product_tag","embeddable":true,"href":"https:\/\/eam-scientific.com\/de\/wp-json\/wp\/v2\/product_tag?post=7339"}],"curies":[{"name":"wp","href":"https:\/\/api.w.org\/{rel}","templated":true}]}}