{"id":7342,"date":"2024-06-20T15:28:02","date_gmt":"2024-06-20T13:28:02","guid":{"rendered":"https:\/\/eam-scientific.com\/?post_type=product&#038;p=7342"},"modified":"2024-06-20T15:28:54","modified_gmt":"2024-06-20T13:28:54","slug":"guillotine-schneider-klammerschneider-fuer-peek-and-ptfe-kapillaren-rot","status":"publish","type":"product","link":"https:\/\/eam-scientific.com\/de\/produkt\/guillotine-schneider-klammerschneider-fuer-peek-and-ptfe-kapillaren-rot\/","title":{"rendered":"Guillotine Schneider (Klammerschneider) f\u00fcr PEEK and PTFE Kapillaren, rot"},"content":{"rendered":"<p>HPLC-Zubeh\u00f6r &#8211; Guillotinenschneider f\u00fcr Polymerrohre, rot.<\/p>\n","protected":false},"excerpt":{"rendered":"<p>HPLC-Zubeh\u00f6r &#8211; Guillotinenschneider f\u00fcr Polymerrohre, rot.<\/p>\n","protected":false},"featured_media":7387,"comment_status":"open","ping_status":"closed","template":"","meta":[],"product_cat":[25,52,55],"product_tag":[],"class_list":{"0":"post-7342","1":"product","2":"type-product","3":"status-publish","4":"has-post-thumbnail","6":"product_cat-chromatographie","7":"product_cat-hplc-und-uhplc","8":"product_cat-hplc-zubehoer","10":"first","11":"instock","12":"shipping-taxable","13":"product-type-simple"},"_links":{"self":[{"href":"https:\/\/eam-scientific.com\/de\/wp-json\/wp\/v2\/product\/7342","targetHints":{"allow":["GET"]}}],"collection":[{"href":"https:\/\/eam-scientific.com\/de\/wp-json\/wp\/v2\/product"}],"about":[{"href":"https:\/\/eam-scientific.com\/de\/wp-json\/wp\/v2\/types\/product"}],"replies":[{"embeddable":true,"href":"https:\/\/eam-scientific.com\/de\/wp-json\/wp\/v2\/comments?post=7342"}],"wp:featuredmedia":[{"embeddable":true,"href":"https:\/\/eam-scientific.com\/de\/wp-json\/wp\/v2\/media\/7387"}],"wp:attachment":[{"href":"https:\/\/eam-scientific.com\/de\/wp-json\/wp\/v2\/media?parent=7342"}],"wp:term":[{"taxonomy":"product_cat","embeddable":true,"href":"https:\/\/eam-scientific.com\/de\/wp-json\/wp\/v2\/product_cat?post=7342"},{"taxonomy":"product_tag","embeddable":true,"href":"https:\/\/eam-scientific.com\/de\/wp-json\/wp\/v2\/product_tag?post=7342"}],"curies":[{"name":"wp","href":"https:\/\/api.w.org\/{rel}","templated":true}]}}