{"id":7357,"date":"2024-06-20T15:28:24","date_gmt":"2024-06-20T13:28:24","guid":{"rendered":"https:\/\/eam-scientific.com\/?post_type=product&#038;p=7357"},"modified":"2024-06-20T15:29:05","modified_gmt":"2024-06-20T13:29:05","slug":"ersatzkapillare-012-mm-id-fuer-ref-718966-stahlinkl-anschlussschraubeferrule","status":"publish","type":"product","link":"https:\/\/eam-scientific.com\/de\/produkt\/ersatzkapillare-012-mm-id-fuer-ref-718966-stahlinkl-anschlussschraubeferrule\/","title":{"rendered":"Ersatzkapillare 0,12 mm ID f\u00fcr REF 718966, Stahl,inkl. Anschlussschraube+Ferrule"},"content":{"rendered":"<p>Ersatzkapillare f\u00fcr Column Protection System Vors\u00e4ulenhalter (REF 718966). Stahlkapillare mit Anschlussschraube und Metallferrules 0,12 mm ID<\/p>\n","protected":false},"excerpt":{"rendered":"<p>Ersatzkapillare f\u00fcr Column Protection System Vors\u00e4ulenhalter (REF 718966). Stahlkapillare mit Anschlussschraube und Metallferrules 0,12 mm ID<\/p>\n","protected":false},"featured_media":7395,"comment_status":"open","ping_status":"closed","template":"","meta":[],"product_cat":[25,52,55],"product_tag":[],"class_list":{"0":"post-7357","1":"product","2":"type-product","3":"status-publish","4":"has-post-thumbnail","6":"product_cat-chromatographie","7":"product_cat-hplc-und-uhplc","8":"product_cat-hplc-zubehoer","10":"first","11":"instock","12":"shipping-taxable","13":"product-type-simple"},"_links":{"self":[{"href":"https:\/\/eam-scientific.com\/de\/wp-json\/wp\/v2\/product\/7357","targetHints":{"allow":["GET"]}}],"collection":[{"href":"https:\/\/eam-scientific.com\/de\/wp-json\/wp\/v2\/product"}],"about":[{"href":"https:\/\/eam-scientific.com\/de\/wp-json\/wp\/v2\/types\/product"}],"replies":[{"embeddable":true,"href":"https:\/\/eam-scientific.com\/de\/wp-json\/wp\/v2\/comments?post=7357"}],"wp:featuredmedia":[{"embeddable":true,"href":"https:\/\/eam-scientific.com\/de\/wp-json\/wp\/v2\/media\/7395"}],"wp:attachment":[{"href":"https:\/\/eam-scientific.com\/de\/wp-json\/wp\/v2\/media?parent=7357"}],"wp:term":[{"taxonomy":"product_cat","embeddable":true,"href":"https:\/\/eam-scientific.com\/de\/wp-json\/wp\/v2\/product_cat?post=7357"},{"taxonomy":"product_tag","embeddable":true,"href":"https:\/\/eam-scientific.com\/de\/wp-json\/wp\/v2\/product_tag?post=7357"}],"curies":[{"name":"wp","href":"https:\/\/api.w.org\/{rel}","templated":true}]}}