{"id":7360,"date":"2024-06-20T15:28:24","date_gmt":"2024-06-20T13:28:24","guid":{"rendered":"https:\/\/eam-scientific.com\/?post_type=product&#038;p=7360"},"modified":"2024-06-20T15:29:09","modified_gmt":"2024-06-20T13:29:09","slug":"testmischung-fuer-reversed-phase-hplc-saeulen","status":"publish","type":"product","link":"https:\/\/eam-scientific.com\/de\/produkt\/testmischung-fuer-reversed-phase-hplc-saeulen\/","title":{"rendered":"Testmischung f\u00fcr Reversed-Phase HPLC S\u00e4ulen"},"content":{"rendered":"<p>Testmischung (in Acetonitril) f\u00fcr Reversed-Phase S\u00e4ulen, Packung \u00e0 1 mL.&nbsp;Dieses Produkt enth\u00e4lt kennzeichnungspflichtige Gefahrstoffe. F\u00fcr detaillierte Informationen bitte das Sicherheitsdatenblatt beachten.<\/p>\n","protected":false},"excerpt":{"rendered":"<p>Testmischung (in Acetonitril) f\u00fcr Reversed-Phase S\u00e4ulen, Packung \u00e0 1 mL.&nbsp;Dieses Produkt enth\u00e4lt kennzeichnungspflichtige Gefahrstoffe. F\u00fcr detaillierte Informationen bitte das Sicherheitsdatenblatt beachten.<\/p>\n","protected":false},"featured_media":7413,"comment_status":"open","ping_status":"closed","template":"","meta":[],"product_cat":[25,52,55],"product_tag":[],"class_list":{"0":"post-7360","1":"product","2":"type-product","3":"status-publish","4":"has-post-thumbnail","6":"product_cat-chromatographie","7":"product_cat-hplc-und-uhplc","8":"product_cat-hplc-zubehoer","10":"first","11":"instock","12":"shipping-taxable","13":"product-type-simple"},"_links":{"self":[{"href":"https:\/\/eam-scientific.com\/de\/wp-json\/wp\/v2\/product\/7360","targetHints":{"allow":["GET"]}}],"collection":[{"href":"https:\/\/eam-scientific.com\/de\/wp-json\/wp\/v2\/product"}],"about":[{"href":"https:\/\/eam-scientific.com\/de\/wp-json\/wp\/v2\/types\/product"}],"replies":[{"embeddable":true,"href":"https:\/\/eam-scientific.com\/de\/wp-json\/wp\/v2\/comments?post=7360"}],"wp:featuredmedia":[{"embeddable":true,"href":"https:\/\/eam-scientific.com\/de\/wp-json\/wp\/v2\/media\/7413"}],"wp:attachment":[{"href":"https:\/\/eam-scientific.com\/de\/wp-json\/wp\/v2\/media?parent=7360"}],"wp:term":[{"taxonomy":"product_cat","embeddable":true,"href":"https:\/\/eam-scientific.com\/de\/wp-json\/wp\/v2\/product_cat?post=7360"},{"taxonomy":"product_tag","embeddable":true,"href":"https:\/\/eam-scientific.com\/de\/wp-json\/wp\/v2\/product_tag?post=7360"}],"curies":[{"name":"wp","href":"https:\/\/api.w.org\/{rel}","templated":true}]}}