{"id":7361,"date":"2024-06-20T15:28:24","date_gmt":"2024-06-20T13:28:24","guid":{"rendered":"https:\/\/eam-scientific.com\/?post_type=product&#038;p=7361"},"modified":"2024-06-20T15:29:10","modified_gmt":"2024-06-20T13:29:10","slug":"varioprep-vorsaeulenhalter-fuer-vp-10-8-vorsaeulen","status":"publish","type":"product","link":"https:\/\/eam-scientific.com\/de\/produkt\/varioprep-vorsaeulenhalter-fuer-vp-10-8-vorsaeulen\/","title":{"rendered":"VarioPrep Vors\u00e4ulenhalter f\u00fcr VP 10\/8 Vors\u00e4ulen"},"content":{"rendered":"<p>VarioPrep Vors\u00e4ulenhalter f\u00fcr 8 mm ID VP 10\/8 S\u00e4ulen. Empfohlen f\u00fcr VarioPrep (VP) S\u00e4ulen mit 8 oder 10 mm ID.<\/p>\n","protected":false},"excerpt":{"rendered":"<p>VarioPrep Vors\u00e4ulenhalter f\u00fcr 8 mm ID VP 10\/8 S\u00e4ulen. Empfohlen f\u00fcr VarioPrep (VP) S\u00e4ulen mit 8 oder 10 mm ID.<\/p>\n","protected":false},"featured_media":7414,"comment_status":"open","ping_status":"closed","template":"","meta":[],"product_cat":[25,52,55],"product_tag":[],"class_list":{"0":"post-7361","1":"product","2":"type-product","3":"status-publish","4":"has-post-thumbnail","6":"product_cat-chromatographie","7":"product_cat-hplc-und-uhplc","8":"product_cat-hplc-zubehoer","10":"first","11":"instock","12":"shipping-taxable","13":"product-type-simple"},"_links":{"self":[{"href":"https:\/\/eam-scientific.com\/de\/wp-json\/wp\/v2\/product\/7361","targetHints":{"allow":["GET"]}}],"collection":[{"href":"https:\/\/eam-scientific.com\/de\/wp-json\/wp\/v2\/product"}],"about":[{"href":"https:\/\/eam-scientific.com\/de\/wp-json\/wp\/v2\/types\/product"}],"replies":[{"embeddable":true,"href":"https:\/\/eam-scientific.com\/de\/wp-json\/wp\/v2\/comments?post=7361"}],"wp:featuredmedia":[{"embeddable":true,"href":"https:\/\/eam-scientific.com\/de\/wp-json\/wp\/v2\/media\/7414"}],"wp:attachment":[{"href":"https:\/\/eam-scientific.com\/de\/wp-json\/wp\/v2\/media?parent=7361"}],"wp:term":[{"taxonomy":"product_cat","embeddable":true,"href":"https:\/\/eam-scientific.com\/de\/wp-json\/wp\/v2\/product_cat?post=7361"},{"taxonomy":"product_tag","embeddable":true,"href":"https:\/\/eam-scientific.com\/de\/wp-json\/wp\/v2\/product_tag?post=7361"}],"curies":[{"name":"wp","href":"https:\/\/api.w.org\/{rel}","templated":true}]}}