{"id":7373,"date":"2024-06-20T15:28:45","date_gmt":"2024-06-20T13:28:45","guid":{"rendered":"https:\/\/eam-scientific.com\/?post_type=product&#038;p=7373"},"modified":"2024-06-20T15:29:14","modified_gmt":"2024-06-20T13:29:14","slug":"chromcart-vorsaeulenhalter-30-mm-fuer-stand-alone","status":"publish","type":"product","link":"https:\/\/eam-scientific.com\/de\/produkt\/chromcart-vorsaeulenhalter-30-mm-fuer-stand-alone\/","title":{"rendered":"ChromCart Vors\u00e4ulenhalter 30 mm, f\u00fcr &#8222;stand-alone&#8220;"},"content":{"rendered":"<p>ChromCart Vors\u00e4ulenhalter 30 mm &#8211; lang -, f\u00fcr &#8222;stand-alone&#8220;.<\/p>\n","protected":false},"excerpt":{"rendered":"<p>ChromCart Vors\u00e4ulenhalter 30 mm &#8211; lang -, f\u00fcr &#8222;stand-alone&#8220;.<\/p>\n","protected":false},"featured_media":7418,"comment_status":"open","ping_status":"closed","template":"","meta":[],"product_cat":[25,52,55],"product_tag":[],"class_list":{"0":"post-7373","1":"product","2":"type-product","3":"status-publish","4":"has-post-thumbnail","6":"product_cat-chromatographie","7":"product_cat-hplc-und-uhplc","8":"product_cat-hplc-zubehoer","10":"first","11":"instock","12":"shipping-taxable","13":"product-type-simple"},"_links":{"self":[{"href":"https:\/\/eam-scientific.com\/de\/wp-json\/wp\/v2\/product\/7373","targetHints":{"allow":["GET"]}}],"collection":[{"href":"https:\/\/eam-scientific.com\/de\/wp-json\/wp\/v2\/product"}],"about":[{"href":"https:\/\/eam-scientific.com\/de\/wp-json\/wp\/v2\/types\/product"}],"replies":[{"embeddable":true,"href":"https:\/\/eam-scientific.com\/de\/wp-json\/wp\/v2\/comments?post=7373"}],"wp:featuredmedia":[{"embeddable":true,"href":"https:\/\/eam-scientific.com\/de\/wp-json\/wp\/v2\/media\/7418"}],"wp:attachment":[{"href":"https:\/\/eam-scientific.com\/de\/wp-json\/wp\/v2\/media?parent=7373"}],"wp:term":[{"taxonomy":"product_cat","embeddable":true,"href":"https:\/\/eam-scientific.com\/de\/wp-json\/wp\/v2\/product_cat?post=7373"},{"taxonomy":"product_tag","embeddable":true,"href":"https:\/\/eam-scientific.com\/de\/wp-json\/wp\/v2\/product_tag?post=7373"}],"curies":[{"name":"wp","href":"https:\/\/api.w.org\/{rel}","templated":true}]}}