{"id":7376,"date":"2024-06-20T15:28:45","date_gmt":"2024-06-20T13:28:45","guid":{"rendered":"https:\/\/eam-scientific.com\/?post_type=product&#038;p=7376"},"modified":"2024-06-20T15:29:17","modified_gmt":"2024-06-20T13:29:17","slug":"ersatzverschraubung-zur-hauptsaeule-fuer-hplc-vorsaeulenhalter-ref-718966","status":"publish","type":"product","link":"https:\/\/eam-scientific.com\/de\/produkt\/ersatzverschraubung-zur-hauptsaeule-fuer-hplc-vorsaeulenhalter-ref-718966\/","title":{"rendered":"Ersatzverschraubung zur Haupts\u00e4ule f\u00fcr HPLC Vors\u00e4ulenhalter (REF 718966)"},"content":{"rendered":"<p>Ersatzanschluss an der Haupts\u00e4ule f\u00fcr die Vors\u00e4ulenhalterung des S\u00e4ulenschutzsystems (REF 718966) mit einem O-Ring.<\/p>\n","protected":false},"excerpt":{"rendered":"<p>Ersatzanschluss an der Haupts\u00e4ule f\u00fcr die Vors\u00e4ulenhalterung des S\u00e4ulenschutzsystems (REF 718966) mit einem O-Ring.<\/p>\n","protected":false},"featured_media":7421,"comment_status":"open","ping_status":"closed","template":"","meta":[],"product_cat":[25,52,55],"product_tag":[],"class_list":{"0":"post-7376","1":"product","2":"type-product","3":"status-publish","4":"has-post-thumbnail","6":"product_cat-chromatographie","7":"product_cat-hplc-und-uhplc","8":"product_cat-hplc-zubehoer","10":"first","11":"instock","12":"shipping-taxable","13":"product-type-simple"},"_links":{"self":[{"href":"https:\/\/eam-scientific.com\/de\/wp-json\/wp\/v2\/product\/7376","targetHints":{"allow":["GET"]}}],"collection":[{"href":"https:\/\/eam-scientific.com\/de\/wp-json\/wp\/v2\/product"}],"about":[{"href":"https:\/\/eam-scientific.com\/de\/wp-json\/wp\/v2\/types\/product"}],"replies":[{"embeddable":true,"href":"https:\/\/eam-scientific.com\/de\/wp-json\/wp\/v2\/comments?post=7376"}],"wp:featuredmedia":[{"embeddable":true,"href":"https:\/\/eam-scientific.com\/de\/wp-json\/wp\/v2\/media\/7421"}],"wp:attachment":[{"href":"https:\/\/eam-scientific.com\/de\/wp-json\/wp\/v2\/media?parent=7376"}],"wp:term":[{"taxonomy":"product_cat","embeddable":true,"href":"https:\/\/eam-scientific.com\/de\/wp-json\/wp\/v2\/product_cat?post=7376"},{"taxonomy":"product_tag","embeddable":true,"href":"https:\/\/eam-scientific.com\/de\/wp-json\/wp\/v2\/product_tag?post=7376"}],"curies":[{"name":"wp","href":"https:\/\/api.w.org\/{rel}","templated":true}]}}