{"id":7396,"date":"2024-06-20T15:29:06","date_gmt":"2024-06-20T13:29:06","guid":{"rendered":"https:\/\/eam-scientific.com\/?post_type=product&#038;p=7396"},"modified":"2024-06-20T15:29:23","modified_gmt":"2024-06-20T13:29:23","slug":"column-protection-system-vorsaeulenhalter-fuer-ec-4x2-mm-und-4x3-mm-vorsaeulen","status":"publish","type":"product","link":"https:\/\/eam-scientific.com\/de\/produkt\/column-protection-system-vorsaeulenhalter-fuer-ec-4x2-mm-und-4x3-mm-vorsaeulen\/","title":{"rendered":"Column Protection System, Vors\u00e4ulenhalter f\u00fcr EC 4&#215;2 mm und 4&#215;3 mm Vors\u00e4ulen"},"content":{"rendered":"<p>Das Column Protection System ist ein innovatives und universelles Vors\u00e4ulenhaltersystem f\u00fcr EC 4&#215;2 mm und 4&#215;3 mm Vors\u00e4ulen. Geeignet f\u00fcr alle analytischen HPLC-S\u00e4ulen mit 1\/16&#8243; Fittings. Idealer Schutz f\u00fcr Ihre analytische HPLC S\u00e4ule f\u00fcr deutlich verl\u00e4ngerte Standzeit. Druckstabilit\u00e4t bis 1300 bar (18850 psi).<\/p>\n","protected":false},"excerpt":{"rendered":"<p>Das Column Protection System ist ein innovatives und universelles Vors\u00e4ulenhaltersystem f\u00fcr EC 4&#215;2 mm und 4&#215;3 mm Vors\u00e4ulen. Geeignet f\u00fcr alle analytischen HPLC-S\u00e4ulen mit 1\/16&#8243; Fittings. Idealer Schutz f\u00fcr Ihre analytische HPLC S\u00e4ule f\u00fcr deutlich verl\u00e4ngerte Standzeit. Druckstabilit\u00e4t bis 1300 bar (18850 psi).<\/p>\n","protected":false},"featured_media":7425,"comment_status":"open","ping_status":"closed","template":"","meta":[],"product_cat":[25,52,55],"product_tag":[],"class_list":{"0":"post-7396","1":"product","2":"type-product","3":"status-publish","4":"has-post-thumbnail","6":"product_cat-chromatographie","7":"product_cat-hplc-und-uhplc","8":"product_cat-hplc-zubehoer","10":"first","11":"instock","12":"shipping-taxable","13":"product-type-simple"},"_links":{"self":[{"href":"https:\/\/eam-scientific.com\/de\/wp-json\/wp\/v2\/product\/7396","targetHints":{"allow":["GET"]}}],"collection":[{"href":"https:\/\/eam-scientific.com\/de\/wp-json\/wp\/v2\/product"}],"about":[{"href":"https:\/\/eam-scientific.com\/de\/wp-json\/wp\/v2\/types\/product"}],"replies":[{"embeddable":true,"href":"https:\/\/eam-scientific.com\/de\/wp-json\/wp\/v2\/comments?post=7396"}],"wp:featuredmedia":[{"embeddable":true,"href":"https:\/\/eam-scientific.com\/de\/wp-json\/wp\/v2\/media\/7425"}],"wp:attachment":[{"href":"https:\/\/eam-scientific.com\/de\/wp-json\/wp\/v2\/media?parent=7396"}],"wp:term":[{"taxonomy":"product_cat","embeddable":true,"href":"https:\/\/eam-scientific.com\/de\/wp-json\/wp\/v2\/product_cat?post=7396"},{"taxonomy":"product_tag","embeddable":true,"href":"https:\/\/eam-scientific.com\/de\/wp-json\/wp\/v2\/product_tag?post=7396"}],"curies":[{"name":"wp","href":"https:\/\/api.w.org\/{rel}","templated":true}]}}