{"id":7397,"date":"2024-06-20T15:29:06","date_gmt":"2024-06-20T13:29:06","guid":{"rendered":"https:\/\/eam-scientific.com\/?post_type=product&#038;p=7397"},"modified":"2024-06-20T15:29:24","modified_gmt":"2024-06-20T13:29:24","slug":"o-ring-zubehoer-fuer-praeparative-vp-hplc-saeulen-2","status":"publish","type":"product","link":"https:\/\/eam-scientific.com\/de\/produkt\/o-ring-zubehoer-fuer-praeparative-vp-hplc-saeulen-2\/","title":{"rendered":"O-Ring, Zubeh\u00f6r f\u00fcr pr\u00e4parative (VP) HPLC S\u00e4ulen"},"content":{"rendered":"<p>O-Ring f\u00fcr VP-Vors\u00e4ulenhalter.<\/p>\n","protected":false},"excerpt":{"rendered":"<p>O-Ring f\u00fcr VP-Vors\u00e4ulenhalter.<\/p>\n","protected":false},"featured_media":7426,"comment_status":"open","ping_status":"closed","template":"","meta":[],"product_cat":[25,52,55],"product_tag":[],"class_list":{"0":"post-7397","1":"product","2":"type-product","3":"status-publish","4":"has-post-thumbnail","6":"product_cat-chromatographie","7":"product_cat-hplc-und-uhplc","8":"product_cat-hplc-zubehoer","10":"first","11":"instock","12":"shipping-taxable","13":"product-type-simple"},"_links":{"self":[{"href":"https:\/\/eam-scientific.com\/de\/wp-json\/wp\/v2\/product\/7397","targetHints":{"allow":["GET"]}}],"collection":[{"href":"https:\/\/eam-scientific.com\/de\/wp-json\/wp\/v2\/product"}],"about":[{"href":"https:\/\/eam-scientific.com\/de\/wp-json\/wp\/v2\/types\/product"}],"replies":[{"embeddable":true,"href":"https:\/\/eam-scientific.com\/de\/wp-json\/wp\/v2\/comments?post=7397"}],"wp:featuredmedia":[{"embeddable":true,"href":"https:\/\/eam-scientific.com\/de\/wp-json\/wp\/v2\/media\/7426"}],"wp:attachment":[{"href":"https:\/\/eam-scientific.com\/de\/wp-json\/wp\/v2\/media?parent=7397"}],"wp:term":[{"taxonomy":"product_cat","embeddable":true,"href":"https:\/\/eam-scientific.com\/de\/wp-json\/wp\/v2\/product_cat?post=7397"},{"taxonomy":"product_tag","embeddable":true,"href":"https:\/\/eam-scientific.com\/de\/wp-json\/wp\/v2\/product_tag?post=7397"}],"curies":[{"name":"wp","href":"https:\/\/api.w.org\/{rel}","templated":true}]}}