{"id":7405,"date":"2024-06-20T15:29:06","date_gmt":"2024-06-20T13:29:06","guid":{"rendered":"https:\/\/eam-scientific.com\/?post_type=product&#038;p=7405"},"modified":"2024-06-20T15:29:36","modified_gmt":"2024-06-20T13:29:36","slug":"dc-glasplatten-cellulose-cel-300-uv254-20x20-cm","status":"publish","type":"product","link":"https:\/\/eam-scientific.com\/de\/produkt\/dc-glasplatten-cellulose-cel-300-uv254-20x20-cm\/","title":{"rendered":"DC Glasplatten, Cellulose, CEL 300 UV254, 20&#215;20 cm"},"content":{"rendered":"<p>Cellulose MN 300 sind native faserf\u00f6rmige Celluloseschichten f\u00fcr die DC. Faserl\u00e4nge (95 %) 2-20 \u03bcm, Durchschnittspolymerisationsgrad 400-500. Verschiedene Schichtdicken auf Glasplatten erh\u00e4ltlich (0,1, 0,25 und 0,5 mm). Lieferbar als Glasplatten, POLYGRAM Polyesterfolien und ALUGRAM Aluminiumfolien.<\/p>\n","protected":false},"excerpt":{"rendered":"<p>Cellulose MN 300 sind native faserf\u00f6rmige Celluloseschichten f\u00fcr die DC. Faserl\u00e4nge (95 %) 2-20 \u03bcm, Durchschnittspolymerisationsgrad 400-500. Verschiedene Schichtdicken auf Glasplatten erh\u00e4ltlich (0,1, 0,25 und 0,5 mm). Lieferbar als Glasplatten, POLYGRAM Polyesterfolien und ALUGRAM Aluminiumfolien.<\/p>\n","protected":false},"featured_media":7452,"comment_status":"open","ping_status":"closed","template":"","meta":[],"product_cat":[25,57,56],"product_tag":[],"class_list":{"0":"post-7405","1":"product","2":"type-product","3":"status-publish","4":"has-post-thumbnail","6":"product_cat-chromatographie","7":"product_cat-dc-hptlc-platten-und-folien","8":"product_cat-duennschichtchromatographie-tlc","10":"first","11":"instock","12":"shipping-taxable","13":"product-type-simple"},"_links":{"self":[{"href":"https:\/\/eam-scientific.com\/de\/wp-json\/wp\/v2\/product\/7405","targetHints":{"allow":["GET"]}}],"collection":[{"href":"https:\/\/eam-scientific.com\/de\/wp-json\/wp\/v2\/product"}],"about":[{"href":"https:\/\/eam-scientific.com\/de\/wp-json\/wp\/v2\/types\/product"}],"replies":[{"embeddable":true,"href":"https:\/\/eam-scientific.com\/de\/wp-json\/wp\/v2\/comments?post=7405"}],"wp:featuredmedia":[{"embeddable":true,"href":"https:\/\/eam-scientific.com\/de\/wp-json\/wp\/v2\/media\/7452"}],"wp:attachment":[{"href":"https:\/\/eam-scientific.com\/de\/wp-json\/wp\/v2\/media?parent=7405"}],"wp:term":[{"taxonomy":"product_cat","embeddable":true,"href":"https:\/\/eam-scientific.com\/de\/wp-json\/wp\/v2\/product_cat?post=7405"},{"taxonomy":"product_tag","embeddable":true,"href":"https:\/\/eam-scientific.com\/de\/wp-json\/wp\/v2\/product_tag?post=7405"}],"curies":[{"name":"wp","href":"https:\/\/api.w.org\/{rel}","templated":true}]}}