{"id":7435,"date":"2024-06-20T15:29:27","date_gmt":"2024-06-20T13:29:27","guid":{"rendered":"https:\/\/eam-scientific.com\/?post_type=product&#038;p=7435"},"modified":"2024-07-07T22:01:14","modified_gmt":"2024-07-07T20:01:14","slug":"hptlc-dc-glasplatten-c18-kieselgelschicht-rp-18-w-uv254-20x20-cm","status":"publish","type":"product","link":"https:\/\/eam-scientific.com\/de\/produkt\/hptlc-dc-glasplatten-c18-kieselgelschicht-rp-18-w-uv254-20x20-cm\/","title":{"rendered":"HPTLC\/DC Glasplatten, C18-Kieselgelschicht, RP-18 W UV254, 20&#215;20 cm"},"content":{"rendered":"<p>DC\/HPTLC-Glasplatten, die mit einer partiellen Octadecyl-(C18, ODS)-Modifizierung beschichtet und mit Wasser benetzbar sind. Basierend auf Kieselgel 60. Partikelgr\u00f6\u00dfe bei analytischen Platten ist 2-10 \u00b5m. Indikator &#8211; s\u00e4urestabiles Produkt mit blassblauer Fluoreszenz im kurzwelligen UV-Licht (254 nm). UV-absorbierende Substanzen erscheinen als dunkelblaue bis schwarze Flecken auf hellblauem Untergrund. Kann eingesetzt werden f\u00fcr Normalphasen oder Reversed Phase Trennmodus mit Eluenten von wasserfreien L\u00f6semitteln bis zu Mischungen mit hohen Wasserkonzentrationen. Die relative Polarit\u00e4t des Eluenten bestimmt die Polarit\u00e4t der Schicht. Polarit\u00e4tsreihenfolge -Kieselgel &#038;gt, DIOL &#038;gt, NH2 &#038;gt, CN &#038;gt, RP-2 &#038;gt, C18-50 &#038;gt, RP-18 W &#038;gt, C18-100<\/p>\n","protected":false},"excerpt":{"rendered":"<p>DC\/HPTLC-Glasplatten, die mit einer partiellen Octadecyl-(C18, ODS)-Modifizierung beschichtet und mit Wasser benetzbar sind. Basierend auf Kieselgel 60. Partikelgr\u00f6\u00dfe bei analytischen Platten ist 2-10 \u00b5m. Indikator &#8211; s\u00e4urestabiles Produkt mit blassblauer Fluoreszenz im kurzwelligen UV-Licht (254 nm). UV-absorbierende Substanzen erscheinen als dunkelblaue bis schwarze Flecken auf hellblauem Untergrund. Kann eingesetzt werden f\u00fcr Normalphasen oder Reversed Phase [&hellip;]<\/p>\n","protected":false},"featured_media":18243,"comment_status":"open","ping_status":"closed","template":"","meta":[],"product_cat":[25,57,56],"product_tag":[],"class_list":{"0":"post-7435","1":"product","2":"type-product","3":"status-publish","4":"has-post-thumbnail","6":"product_cat-chromatographie","7":"product_cat-dc-hptlc-platten-und-folien","8":"product_cat-duennschichtchromatographie-tlc","10":"first","11":"instock","12":"shipping-taxable","13":"product-type-simple"},"_links":{"self":[{"href":"https:\/\/eam-scientific.com\/de\/wp-json\/wp\/v2\/product\/7435","targetHints":{"allow":["GET"]}}],"collection":[{"href":"https:\/\/eam-scientific.com\/de\/wp-json\/wp\/v2\/product"}],"about":[{"href":"https:\/\/eam-scientific.com\/de\/wp-json\/wp\/v2\/types\/product"}],"replies":[{"embeddable":true,"href":"https:\/\/eam-scientific.com\/de\/wp-json\/wp\/v2\/comments?post=7435"}],"wp:featuredmedia":[{"embeddable":true,"href":"https:\/\/eam-scientific.com\/de\/wp-json\/wp\/v2\/media\/18243"}],"wp:attachment":[{"href":"https:\/\/eam-scientific.com\/de\/wp-json\/wp\/v2\/media?parent=7435"}],"wp:term":[{"taxonomy":"product_cat","embeddable":true,"href":"https:\/\/eam-scientific.com\/de\/wp-json\/wp\/v2\/product_cat?post=7435"},{"taxonomy":"product_tag","embeddable":true,"href":"https:\/\/eam-scientific.com\/de\/wp-json\/wp\/v2\/product_tag?post=7435"}],"curies":[{"name":"wp","href":"https:\/\/api.w.org\/{rel}","templated":true}]}}