{"id":7436,"date":"2024-06-20T15:29:27","date_gmt":"2024-06-20T13:29:27","guid":{"rendered":"https:\/\/eam-scientific.com\/?post_type=product&#038;p=7436"},"modified":"2024-07-07T22:01:16","modified_gmt":"2024-07-07T20:01:16","slug":"hptlc-dc-glasplatten-kieselgelschicht-nano-sil-10x10-cm","status":"publish","type":"product","link":"https:\/\/eam-scientific.com\/de\/produkt\/hptlc-dc-glasplatten-kieselgelschicht-nano-sil-10x10-cm\/","title":{"rendered":"HPTLC\/DC Glasplatten, Kieselgelschicht, Nano-SIL, 10&#215;10 cm"},"content":{"rendered":"<p>HPTLC-Glasplatten in verschiedenen Plattengr\u00f6\u00dfen f\u00fcr unterschiedlichste Anwendungen, unmodifiziertes Kieselgel (SiOH).<\/p>\n","protected":false},"excerpt":{"rendered":"<p>HPTLC-Glasplatten in verschiedenen Plattengr\u00f6\u00dfen f\u00fcr unterschiedlichste Anwendungen, unmodifiziertes Kieselgel (SiOH).<\/p>\n","protected":false},"featured_media":18246,"comment_status":"open","ping_status":"closed","template":"","meta":[],"product_cat":[25,57,56],"product_tag":[],"class_list":{"0":"post-7436","1":"product","2":"type-product","3":"status-publish","4":"has-post-thumbnail","6":"product_cat-chromatographie","7":"product_cat-dc-hptlc-platten-und-folien","8":"product_cat-duennschichtchromatographie-tlc","10":"first","11":"instock","12":"shipping-taxable","13":"product-type-simple"},"_links":{"self":[{"href":"https:\/\/eam-scientific.com\/de\/wp-json\/wp\/v2\/product\/7436","targetHints":{"allow":["GET"]}}],"collection":[{"href":"https:\/\/eam-scientific.com\/de\/wp-json\/wp\/v2\/product"}],"about":[{"href":"https:\/\/eam-scientific.com\/de\/wp-json\/wp\/v2\/types\/product"}],"replies":[{"embeddable":true,"href":"https:\/\/eam-scientific.com\/de\/wp-json\/wp\/v2\/comments?post=7436"}],"wp:featuredmedia":[{"embeddable":true,"href":"https:\/\/eam-scientific.com\/de\/wp-json\/wp\/v2\/media\/18246"}],"wp:attachment":[{"href":"https:\/\/eam-scientific.com\/de\/wp-json\/wp\/v2\/media?parent=7436"}],"wp:term":[{"taxonomy":"product_cat","embeddable":true,"href":"https:\/\/eam-scientific.com\/de\/wp-json\/wp\/v2\/product_cat?post=7436"},{"taxonomy":"product_tag","embeddable":true,"href":"https:\/\/eam-scientific.com\/de\/wp-json\/wp\/v2\/product_tag?post=7436"}],"curies":[{"name":"wp","href":"https:\/\/api.w.org\/{rel}","templated":true}]}}