{"id":7440,"date":"2024-06-20T15:29:27","date_gmt":"2024-06-20T13:29:27","guid":{"rendered":"https:\/\/eam-scientific.com\/?post_type=product&#038;p=7440"},"modified":"2024-07-07T22:01:25","modified_gmt":"2024-07-07T20:01:25","slug":"dc-glasplatten-aluminiumoxid-neutral-alox-n-uv254-5x20-cm","status":"publish","type":"product","link":"https:\/\/eam-scientific.com\/de\/produkt\/dc-glasplatten-aluminiumoxid-neutral-alox-n-uv254-5x20-cm\/","title":{"rendered":"DC Glasplatten, Aluminiumoxid, neutral, Alox N UV254, 5&#215;20 cm"},"content":{"rendered":"<p>Alox sind Aluminiumoxidschichten f\u00fcr die DC. Als Indikator wird ein inertes organisches Bindemittel und ein manganaktiviertes Zinksilikat verwendet. F\u00fcr pr\u00e4parative Zwecke (PLC) steht eine Schichtdicke von 1 mm auf Glasplatten zur Verf\u00fcgung. Wir empfehlen, die Aluminiumoxidschichten vor der Anwendung durch Erw\u00e4rmen 10 Minuten auf 120 \u00b0C zu aktivieren. Erh\u00e4ltlich als Glasplatten, POLYGRAM Polyesterfolien und ALUGRAM Aluminiumfolien.<\/p>\n","protected":false},"excerpt":{"rendered":"<p>Alox sind Aluminiumoxidschichten f\u00fcr die DC. Als Indikator wird ein inertes organisches Bindemittel und ein manganaktiviertes Zinksilikat verwendet. F\u00fcr pr\u00e4parative Zwecke (PLC) steht eine Schichtdicke von 1 mm auf Glasplatten zur Verf\u00fcgung. Wir empfehlen, die Aluminiumoxidschichten vor der Anwendung durch Erw\u00e4rmen 10 Minuten auf 120 \u00b0C zu aktivieren. Erh\u00e4ltlich als Glasplatten, POLYGRAM Polyesterfolien und ALUGRAM [&hellip;]<\/p>\n","protected":false},"featured_media":18258,"comment_status":"open","ping_status":"closed","template":"","meta":[],"product_cat":[25,57,56],"product_tag":[],"class_list":{"0":"post-7440","1":"product","2":"type-product","3":"status-publish","4":"has-post-thumbnail","6":"product_cat-chromatographie","7":"product_cat-dc-hptlc-platten-und-folien","8":"product_cat-duennschichtchromatographie-tlc","10":"first","11":"instock","12":"shipping-taxable","13":"product-type-simple"},"_links":{"self":[{"href":"https:\/\/eam-scientific.com\/de\/wp-json\/wp\/v2\/product\/7440","targetHints":{"allow":["GET"]}}],"collection":[{"href":"https:\/\/eam-scientific.com\/de\/wp-json\/wp\/v2\/product"}],"about":[{"href":"https:\/\/eam-scientific.com\/de\/wp-json\/wp\/v2\/types\/product"}],"replies":[{"embeddable":true,"href":"https:\/\/eam-scientific.com\/de\/wp-json\/wp\/v2\/comments?post=7440"}],"wp:featuredmedia":[{"embeddable":true,"href":"https:\/\/eam-scientific.com\/de\/wp-json\/wp\/v2\/media\/18258"}],"wp:attachment":[{"href":"https:\/\/eam-scientific.com\/de\/wp-json\/wp\/v2\/media?parent=7440"}],"wp:term":[{"taxonomy":"product_cat","embeddable":true,"href":"https:\/\/eam-scientific.com\/de\/wp-json\/wp\/v2\/product_cat?post=7440"},{"taxonomy":"product_tag","embeddable":true,"href":"https:\/\/eam-scientific.com\/de\/wp-json\/wp\/v2\/product_tag?post=7440"}],"curies":[{"name":"wp","href":"https:\/\/api.w.org\/{rel}","templated":true}]}}