{"id":14920,"date":"2024-06-17T17:12:11","date_gmt":"2024-06-17T15:12:11","guid":{"rendered":"https:\/\/eam-scientific.com\/gizlilik-politikasi\/"},"modified":"2024-06-25T16:32:54","modified_gmt":"2024-06-25T14:32:54","slug":"gizlilik-politikasi","status":"publish","type":"page","link":"https:\/\/eam-scientific.com\/tr\/gizlilik-politikasi\/","title":{"rendered":"Gizlilik Politikas\u0131"},"content":{"rendered":"\n<h3 class=\"wp-block-heading\">1. sorumlu ki\u015fi<\/h3>\n\n<p>E&amp;M Scientific<br\/>KIZILIRMAK MAH. UFUK \u00dcNI\u0307VERSI\u0307TESI\u0307 CAD. NO: 18 I\u0307\u00c7 KAPI NO. 44<br\/>\u00c7ANKAYA \/ ANKARA<br\/>E-posta: <a>info@eam-scientific.com<\/a><\/p>\n\n<h3 class=\"wp-block-heading\">2. ki\u015fisel verilerin toplanmas\u0131 ve saklanmas\u0131<\/h3>\n\n<p>Ki\u015fisel verilerinizi yaln\u0131zca sizin izninizle veya yasal olarak bunu yapma yetkimiz varsa toplar, i\u015fler ve kullan\u0131r\u0131z. Yaln\u0131zca hizmetlerimizin ger\u00e7ekle\u015ftirilmesi ve i\u015flenmesi ve web sitemizin kullan\u0131m\u0131 i\u00e7in gerekli olan verileri toplar\u0131z.<\/p>\n\n<h3 class=\"wp-block-heading\">3. web sitesi \u00fczerinde veri i\u015fleme<\/h3>\n\n<p>Web sitemizi ziyaret etti\u011finizde IP adresi, taray\u0131c\u0131 t\u00fcr\u00fc, i\u015fletim sistemi ve ziyaret edilen sayfalar gibi bilgiler otomatik olarak kaydedilir. Bu veriler, sorunsuz bir ba\u011flant\u0131 kurulumu ve web sitemizin rahat kullan\u0131m\u0131n\u0131 sa\u011flaman\u0131n yan\u0131 s\u0131ra sistem g\u00fcvenli\u011fini ve kararl\u0131l\u0131\u011f\u0131n\u0131 analiz etmek i\u00e7in kullan\u0131l\u0131r.<\/p>\n\n<h3 class=\"wp-block-heading\">4. ileti\u015fim formu ve e-posta ileti\u015fimi<\/h3>\n\n<p>\u0130leti\u015fim formu veya e-posta yoluyla bizimle ileti\u015fime ge\u00e7erseniz, sa\u011flad\u0131\u011f\u0131n\u0131z veriler (e-posta adresiniz, ad\u0131n\u0131z ve varsa telefon numaran\u0131z) sorular\u0131n\u0131z\u0131 yan\u0131tlamak i\u00e7in taraf\u0131m\u0131zdan saklanacakt\u0131r. \u0130zniniz olmadan bu verileri aktarmay\u0131z.<\/p>\n\n<h3 class=\"wp-block-heading\">5. verilerin a\u00e7\u0131klanmas\u0131<\/h3>\n\n<p>Ki\u015fisel verileriniz a\u015fa\u011f\u0131da listelenen ama\u00e7lar d\u0131\u015f\u0131nda \u00fc\u00e7\u00fcnc\u00fc taraflara aktar\u0131lmayacakt\u0131r. Ki\u015fisel verilerinizi \u00fc\u00e7\u00fcnc\u00fc taraflara yaln\u0131zca a\u00e7\u0131k r\u0131zan\u0131z\u0131 vermeniz, if\u015fan\u0131n yasal taleplerin ileri s\u00fcr\u00fclmesi, uygulanmas\u0131 veya savunulmas\u0131 i\u00e7in gerekli olmas\u0131 ve verilerinizin if\u015fa edilmemesinde korunmaya de\u011fer \u00f6ncelikli bir menfaatiniz oldu\u011funu varsaymak i\u00e7in bir neden olmamas\u0131 ve yasal bir zorunluluk olmas\u0131 durumunda aktaraca\u011f\u0131z.<\/p>\n\n<h3 class=\"wp-block-heading\">6. \u00c7erezler<\/h3>\n\n<p>Web sitemizde \u00e7erezler kullan\u0131lmaktad\u0131r. Bunlar, son cihaz\u0131n\u0131zda depolanan ve web sitesi kullan\u0131m\u0131n\u0131z\u0131n analiz edilmesini sa\u011flayan k\u00fc\u00e7\u00fck metin dosyalar\u0131d\u0131r. Taray\u0131c\u0131 yaz\u0131l\u0131m\u0131n\u0131zda uygun ayarlar\u0131 se\u00e7erek \u00e7erezlerin depolanmas\u0131n\u0131 \u00f6nleyebilirsiniz.<\/p>\n\n<h3 class=\"wp-block-heading\">7. haklariniz<\/h3>\n\n<p>Taraf\u0131m\u0131zca i\u015flenen ki\u015fisel verileriniz hakk\u0131nda bilgi alma, d\u00fczeltme, silme ve i\u015flemenin k\u0131s\u0131tlanmas\u0131 hakk\u0131na sahipsiniz. Ayr\u0131ca i\u015flemeye itiraz etme ve veri ta\u015f\u0131nabilirli\u011fi hakk\u0131na da sahipsiniz.<\/p>\n\n<h3 class=\"wp-block-heading\">8. bu veri\u0307 koruma beyaninin g\u00fcncelli\u0307\u011fi\u0307 ve de\u011fi\u0307\u015fti\u0307ri\u0307lmesi\u0307<\/h3>\n\n<p>Bu gizlilik politikas\u0131 \u015fu anda ge\u00e7erlidir ve Haziran 2024 tarihlidir. Web sitemizin ve web sitemizdeki tekliflerin daha da geli\u015ftirilmesi veya de\u011fi\u015fen yasal veya resmi gereklilikler nedeniyle, bu veri koruma beyan\u0131n\u0131n de\u011fi\u015ftirilmesi gerekli olabilir.<\/p>\n","protected":false},"excerpt":{"rendered":"<p>1. sorumlu ki\u015fi E&amp;M ScientificKIZILIRMAK MAH. UFUK \u00dcNI\u0307VERSI\u0307TESI\u0307 CAD. NO: 18 I\u0307\u00c7 KAPI NO. 44\u00c7ANKAYA \/ ANKARAE-posta: info@eam-scientific.com 2. ki\u015fisel verilerin toplanmas\u0131 ve saklanmas\u0131 Ki\u015fisel verilerinizi yaln\u0131zca sizin izninizle veya yasal olarak bunu yapma yetkimiz varsa toplar, i\u015fler ve kullan\u0131r\u0131z. Yaln\u0131zca hizmetlerimizin ger\u00e7ekle\u015ftirilmesi ve i\u015flenmesi ve web sitemizin kullan\u0131m\u0131 i\u00e7in gerekli olan verileri toplar\u0131z. 3. [&hellip;]<\/p>\n","protected":false},"author":1,"featured_media":0,"parent":0,"menu_order":0,"comment_status":"closed","ping_status":"open","template":"","meta":{"footnotes":""},"class_list":["post-14920","page","type-page","status-publish","hentry"],"_links":{"self":[{"href":"https:\/\/eam-scientific.com\/tr\/wp-json\/wp\/v2\/pages\/14920","targetHints":{"allow":["GET"]}}],"collection":[{"href":"https:\/\/eam-scientific.com\/tr\/wp-json\/wp\/v2\/pages"}],"about":[{"href":"https:\/\/eam-scientific.com\/tr\/wp-json\/wp\/v2\/types\/page"}],"author":[{"embeddable":true,"href":"https:\/\/eam-scientific.com\/tr\/wp-json\/wp\/v2\/users\/1"}],"replies":[{"embeddable":true,"href":"https:\/\/eam-scientific.com\/tr\/wp-json\/wp\/v2\/comments?post=14920"}],"version-history":[{"count":1,"href":"https:\/\/eam-scientific.com\/tr\/wp-json\/wp\/v2\/pages\/14920\/revisions"}],"predecessor-version":[{"id":14922,"href":"https:\/\/eam-scientific.com\/tr\/wp-json\/wp\/v2\/pages\/14920\/revisions\/14922"}],"wp:attachment":[{"href":"https:\/\/eam-scientific.com\/tr\/wp-json\/wp\/v2\/media?parent=14920"}],"curies":[{"name":"wp","href":"https:\/\/api.w.org\/{rel}","templated":true}]}}