{"id":11178,"date":"2024-06-20T14:48:22","date_gmt":"2024-06-20T12:48:22","guid":{"rendered":"https:\/\/eam-scientific.com\/produkt\/spe-lv-kolon-chromabond-c18-ec-45-%c2%b5m-15-ml-200-mg\/"},"modified":"2024-06-28T10:08:52","modified_gmt":"2024-06-28T08:08:52","slug":"spe-lv-kolon-chromabond-c18-ec-45-%c2%b5m-15-ml-200-mg","status":"publish","type":"product","link":"https:\/\/eam-scientific.com\/tr\/produkt\/spe-lv-kolon-chromabond-c18-ec-45-%c2%b5m-15-ml-200-mg\/","title":{"rendered":"SPE LV kolon, CHROMABOND C18 ec, 45 \u00b5m, 15 mL\/200 mg"},"content":{"rendered":"<p>Silika jel bazl\u0131 oktadesil faz, u\u00e7 kapakl\u0131. Bu, \u00e7e\u015fitli organik bile\u015fiklerle hidrofobik etkile\u015fimler i\u00e7in klasik ve yayg\u0131n olarak kullan\u0131lan polar olmayan bir malzemedir.<\/p>\n","protected":false},"excerpt":{"rendered":"<p>Silika jel bazl\u0131 oktadesil faz, u\u00e7 kapakl\u0131. Bu, \u00e7e\u015fitli organik bile\u015fiklerle hidrofobik etkile\u015fimler i\u00e7in klasik ve yayg\u0131n olarak kullan\u0131lan polar olmayan bir malzemedir.<\/p>\n","protected":false},"featured_media":7746,"comment_status":"open","ping_status":"closed","template":"","meta":[],"product_cat":[68,67,69],"product_tag":[],"class_list":{"0":"post-11178","1":"product","2":"type-product","3":"status-publish","4":"has-post-thumbnail","6":"product_cat-kati-faz-ekstraksiyonu-spe","7":"product_cat-kromatografi","8":"product_cat-spe-kolonlari","10":"first","11":"instock","12":"shipping-taxable","13":"product-type-simple"},"_links":{"self":[{"href":"https:\/\/eam-scientific.com\/tr\/wp-json\/wp\/v2\/product\/11178","targetHints":{"allow":["GET"]}}],"collection":[{"href":"https:\/\/eam-scientific.com\/tr\/wp-json\/wp\/v2\/product"}],"about":[{"href":"https:\/\/eam-scientific.com\/tr\/wp-json\/wp\/v2\/types\/product"}],"replies":[{"embeddable":true,"href":"https:\/\/eam-scientific.com\/tr\/wp-json\/wp\/v2\/comments?post=11178"}],"wp:featuredmedia":[{"embeddable":true,"href":"https:\/\/eam-scientific.com\/tr\/wp-json\/wp\/v2\/media\/7746"}],"wp:attachment":[{"href":"https:\/\/eam-scientific.com\/tr\/wp-json\/wp\/v2\/media?parent=11178"}],"wp:term":[{"taxonomy":"product_cat","embeddable":true,"href":"https:\/\/eam-scientific.com\/tr\/wp-json\/wp\/v2\/product_cat?post=11178"},{"taxonomy":"product_tag","embeddable":true,"href":"https:\/\/eam-scientific.com\/tr\/wp-json\/wp\/v2\/product_tag?post=11178"}],"curies":[{"name":"wp","href":"https:\/\/api.w.org\/{rel}","templated":true}]}}