{"id":11189,"date":"2024-06-20T14:48:22","date_gmt":"2024-06-20T12:48:22","guid":{"rendered":"https:\/\/eam-scientific.com\/produkt\/spe-kolonu-chromabond-easy-80-%c2%b5m-3-ml-500-mg\/"},"modified":"2024-06-28T10:08:52","modified_gmt":"2024-06-28T08:08:52","slug":"spe-kolonu-chromabond-easy-80-%c2%b5m-3-ml-500-mg","status":"publish","type":"product","link":"https:\/\/eam-scientific.com\/tr\/produkt\/spe-kolonu-chromabond-easy-80-%c2%b5m-3-ml-500-mg\/","title":{"rendered":"SPE kolonu, CHROMABOND Easy, 80 \u00b5m, 3 mL\/500 mg"},"content":{"rendered":"<p>SPE kolonlar\u0131nda zay\u0131f bir anyon de\u011fi\u015ftirici ile polar modifiye polistiren-divinilbenzen kopolimeri. \u0130ki fonksiyonlu modifikasyon nedeniyle geleneksel polistiren-divinilbenzen polimerlerinden \u00e7ok daha hidrofiliktir. Kolay etki &#8211; \u015fartland\u0131rma olmadan ve su ile kolayca \u0131slat\u0131labilir.<\/p>\n","protected":false},"excerpt":{"rendered":"<p>SPE kolonlar\u0131nda zay\u0131f bir anyon de\u011fi\u015ftirici ile polar modifiye polistiren-divinilbenzen kopolimeri. \u0130ki fonksiyonlu modifikasyon nedeniyle geleneksel polistiren-divinilbenzen polimerlerinden \u00e7ok daha hidrofiliktir. Kolay etki &#8211; \u015fartland\u0131rma olmadan ve su ile kolayca \u0131slat\u0131labilir.<\/p>\n","protected":false},"featured_media":7740,"comment_status":"open","ping_status":"closed","template":"","meta":[],"product_cat":[68,67,69],"product_tag":[],"class_list":{"0":"post-11189","1":"product","2":"type-product","3":"status-publish","4":"has-post-thumbnail","6":"product_cat-kati-faz-ekstraksiyonu-spe","7":"product_cat-kromatografi","8":"product_cat-spe-kolonlari","10":"first","11":"instock","12":"shipping-taxable","13":"product-type-simple"},"_links":{"self":[{"href":"https:\/\/eam-scientific.com\/tr\/wp-json\/wp\/v2\/product\/11189","targetHints":{"allow":["GET"]}}],"collection":[{"href":"https:\/\/eam-scientific.com\/tr\/wp-json\/wp\/v2\/product"}],"about":[{"href":"https:\/\/eam-scientific.com\/tr\/wp-json\/wp\/v2\/types\/product"}],"replies":[{"embeddable":true,"href":"https:\/\/eam-scientific.com\/tr\/wp-json\/wp\/v2\/comments?post=11189"}],"wp:featuredmedia":[{"embeddable":true,"href":"https:\/\/eam-scientific.com\/tr\/wp-json\/wp\/v2\/media\/7740"}],"wp:attachment":[{"href":"https:\/\/eam-scientific.com\/tr\/wp-json\/wp\/v2\/media?parent=11189"}],"wp:term":[{"taxonomy":"product_cat","embeddable":true,"href":"https:\/\/eam-scientific.com\/tr\/wp-json\/wp\/v2\/product_cat?post=11189"},{"taxonomy":"product_tag","embeddable":true,"href":"https:\/\/eam-scientific.com\/tr\/wp-json\/wp\/v2\/product_tag?post=11189"}],"curies":[{"name":"wp","href":"https:\/\/api.w.org\/{rel}","templated":true}]}}