{"id":11196,"date":"2024-06-20T14:48:01","date_gmt":"2024-06-20T12:48:01","guid":{"rendered":"https:\/\/eam-scientific.com\/produkt\/spe-kolonu-chromabond-hr-x-45-%c2%b5m-3-ml-60-mg\/"},"modified":"2024-06-28T10:07:17","modified_gmt":"2024-06-28T08:07:17","slug":"spe-kolonu-chromabond-hr-x-45-%c2%b5m-3-ml-60-mg","status":"publish","type":"product","link":"https:\/\/eam-scientific.com\/tr\/produkt\/spe-kolonu-chromabond-hr-x-45-%c2%b5m-3-ml-60-mg\/","title":{"rendered":"SPE kolonu, CHROMABOND HR-X, 85 \u00b5m, 3 mL\/60 mg"},"content":{"rendered":"<p>SPE kolonlar\u0131nda k\u00fcresel, hidrofobik polistiren divinilbenzen re\u00e7inesi. Optimize edilmi\u015f \u00fcretim s\u00fcreci sayesinde maksimum tekrarlanabilirlik ve en d\u00fc\u015f\u00fck blank de\u011ferlerine sahip y\u00fcksek safl\u0131kta malzeme. Partik\u00fcllerin k\u00fcresel yap\u0131s\u0131, \u00e7ok homojen y\u00fczeyi ve optimize edilmi\u015f g\u00f6zenek yap\u0131s\u0131 sayesinde \u00f6zellikle farmas\u00f6tiklerin (aktif bile\u015fenlerin) zenginle\u015ftirilmesi i\u00e7in m\u00fckemmel geri kazan\u0131m oranlar\u0131.<\/p>\n","protected":false},"excerpt":{"rendered":"<p>SPE kolonlar\u0131nda k\u00fcresel, hidrofobik polistiren divinilbenzen re\u00e7inesi. Optimize edilmi\u015f \u00fcretim s\u00fcreci sayesinde maksimum tekrarlanabilirlik ve en d\u00fc\u015f\u00fck blank de\u011ferlerine sahip y\u00fcksek safl\u0131kta malzeme. Partik\u00fcllerin k\u00fcresel yap\u0131s\u0131, \u00e7ok homojen y\u00fczeyi ve optimize edilmi\u015f g\u00f6zenek yap\u0131s\u0131 sayesinde \u00f6zellikle farmas\u00f6tiklerin (aktif bile\u015fenlerin) zenginle\u015ftirilmesi i\u00e7in m\u00fckemmel geri kazan\u0131m oranlar\u0131.<\/p>\n","protected":false},"featured_media":15243,"comment_status":"open","ping_status":"closed","template":"","meta":[],"product_cat":[68,67,69],"product_tag":[],"class_list":{"0":"post-11196","1":"product","2":"type-product","3":"status-publish","4":"has-post-thumbnail","6":"product_cat-kati-faz-ekstraksiyonu-spe","7":"product_cat-kromatografi","8":"product_cat-spe-kolonlari","10":"first","11":"instock","12":"shipping-taxable","13":"product-type-simple"},"_links":{"self":[{"href":"https:\/\/eam-scientific.com\/tr\/wp-json\/wp\/v2\/product\/11196","targetHints":{"allow":["GET"]}}],"collection":[{"href":"https:\/\/eam-scientific.com\/tr\/wp-json\/wp\/v2\/product"}],"about":[{"href":"https:\/\/eam-scientific.com\/tr\/wp-json\/wp\/v2\/types\/product"}],"replies":[{"embeddable":true,"href":"https:\/\/eam-scientific.com\/tr\/wp-json\/wp\/v2\/comments?post=11196"}],"wp:featuredmedia":[{"embeddable":true,"href":"https:\/\/eam-scientific.com\/tr\/wp-json\/wp\/v2\/media\/15243"}],"wp:attachment":[{"href":"https:\/\/eam-scientific.com\/tr\/wp-json\/wp\/v2\/media?parent=11196"}],"wp:term":[{"taxonomy":"product_cat","embeddable":true,"href":"https:\/\/eam-scientific.com\/tr\/wp-json\/wp\/v2\/product_cat?post=11196"},{"taxonomy":"product_tag","embeddable":true,"href":"https:\/\/eam-scientific.com\/tr\/wp-json\/wp\/v2\/product_tag?post=11196"}],"curies":[{"name":"wp","href":"https:\/\/api.w.org\/{rel}","templated":true}]}}