{"id":11205,"date":"2024-06-20T14:48:01","date_gmt":"2024-06-20T12:48:01","guid":{"rendered":"https:\/\/eam-scientific.com\/produkt\/spe-kartusu-chromafix-ps-oh-l-18-ml\/"},"modified":"2024-06-20T14:48:01","modified_gmt":"2024-06-20T12:48:01","slug":"spe-kartusu-chromafix-ps-oh-l-18-ml","status":"publish","type":"product","link":"https:\/\/eam-scientific.com\/tr\/produkt\/spe-kartusu-chromafix-ps-oh-l-18-ml\/","title":{"rendered":"SPE kartu\u015fu, CHROMAFIX PS-OH-, L (1,8 mL)"},"content":{"rendered":"<p>CHROMAFIX kartu\u015flar PE filtre elemanl\u0131 PP kartu\u015flard\u0131r. Farkl\u0131 sorbent hacimlerine sahip \u00fc\u00e7 farkl\u0131 boyut &#8211; k\u00fc\u00e7\u00fck (0,4 mL), orta (0,8 mL), b\u00fcy\u00fck (1,8 mL). \u00d6zellikle k\u00fc\u00e7\u00fck numune hacimlerinin zarif kat\u0131 faz ekstraksiyonu i\u00e7in uygundur. Giri\u015fte di\u015fi luer, \u00e7\u0131k\u0131\u015fta erkek luer ucu. Bir \u015f\u0131r\u0131nga veya peristaltik pompa kullanarak pozitif bas\u0131n\u00e7la i\u015flem yapman\u0131n alternatif bir yolunu sa\u011flar.<\/p>\n","protected":false},"excerpt":{"rendered":"<p>CHROMAFIX kartu\u015flar PE filtre elemanl\u0131 PP kartu\u015flard\u0131r. Farkl\u0131 sorbent hacimlerine sahip \u00fc\u00e7 farkl\u0131 boyut &#8211; k\u00fc\u00e7\u00fck (0,4 mL), orta (0,8 mL), b\u00fcy\u00fck (1,8 mL). \u00d6zellikle k\u00fc\u00e7\u00fck numune hacimlerinin zarif kat\u0131 faz ekstraksiyonu i\u00e7in uygundur. Giri\u015fte di\u015fi luer, \u00e7\u0131k\u0131\u015fta erkek luer ucu. Bir \u015f\u0131r\u0131nga veya peristaltik pompa kullanarak pozitif bas\u0131n\u00e7la i\u015flem yapman\u0131n alternatif bir yolunu sa\u011flar.<\/p>\n","protected":false},"featured_media":7722,"comment_status":"open","ping_status":"closed","template":"","meta":[],"product_cat":[68,67,69],"product_tag":[],"class_list":{"0":"post-11205","1":"product","2":"type-product","3":"status-publish","4":"has-post-thumbnail","6":"product_cat-kati-faz-ekstraksiyonu-spe","7":"product_cat-kromatografi","8":"product_cat-spe-kolonlari","10":"first","11":"instock","12":"shipping-taxable","13":"product-type-simple"},"_links":{"self":[{"href":"https:\/\/eam-scientific.com\/tr\/wp-json\/wp\/v2\/product\/11205","targetHints":{"allow":["GET"]}}],"collection":[{"href":"https:\/\/eam-scientific.com\/tr\/wp-json\/wp\/v2\/product"}],"about":[{"href":"https:\/\/eam-scientific.com\/tr\/wp-json\/wp\/v2\/types\/product"}],"replies":[{"embeddable":true,"href":"https:\/\/eam-scientific.com\/tr\/wp-json\/wp\/v2\/comments?post=11205"}],"wp:featuredmedia":[{"embeddable":true,"href":"https:\/\/eam-scientific.com\/tr\/wp-json\/wp\/v2\/media\/7722"}],"wp:attachment":[{"href":"https:\/\/eam-scientific.com\/tr\/wp-json\/wp\/v2\/media?parent=11205"}],"wp:term":[{"taxonomy":"product_cat","embeddable":true,"href":"https:\/\/eam-scientific.com\/tr\/wp-json\/wp\/v2\/product_cat?post=11205"},{"taxonomy":"product_tag","embeddable":true,"href":"https:\/\/eam-scientific.com\/tr\/wp-json\/wp\/v2\/product_tag?post=11205"}],"curies":[{"name":"wp","href":"https:\/\/api.w.org\/{rel}","templated":true}]}}