{"id":11466,"date":"2024-06-20T14:50:47","date_gmt":"2024-06-20T12:50:47","guid":{"rendered":"https:\/\/eam-scientific.com\/produkt\/spe-kolonu-chromabond-ps-mix-100-%c2%b5m-6-ml-900-mg\/"},"modified":"2024-06-28T10:07:48","modified_gmt":"2024-06-28T08:07:48","slug":"spe-kolonu-chromabond-ps-mix-100-%c2%b5m-6-ml-900-mg","status":"publish","type":"product","link":"https:\/\/eam-scientific.com\/tr\/produkt\/spe-kolonu-chromabond-ps-mix-100-%c2%b5m-6-ml-900-mg\/","title":{"rendered":"SPE kolonu, CHROMABOND PS-Mix, 100 \u00b5m, 6 mL\/900 mg"},"content":{"rendered":"<p>Y\u00fcksek safl\u0131kta polistiren-divinilbenzen kopolimerinin (PS\/DVB) g\u00fc\u00e7l\u00fc katyon de\u011fi\u015ftirici (H\u207a formu) ve g\u00fc\u00e7l\u00fc anyon de\u011fi\u015ftirici (OH- formu) ile kar\u0131\u015f\u0131m\u0131. Suyun demineralizasyonu i\u00e7in.<\/p>\n","protected":false},"excerpt":{"rendered":"<p>Y\u00fcksek safl\u0131kta polistiren-divinilbenzen kopolimerinin (PS\/DVB) g\u00fc\u00e7l\u00fc katyon de\u011fi\u015ftirici (H\u207a formu) ve g\u00fc\u00e7l\u00fc anyon de\u011fi\u015ftirici (OH- formu) ile kar\u0131\u015f\u0131m\u0131. Suyun demineralizasyonu i\u00e7in.<\/p>\n","protected":false},"featured_media":7954,"comment_status":"open","ping_status":"closed","template":"","meta":[],"product_cat":[68,67,69],"product_tag":[],"class_list":{"0":"post-11466","1":"product","2":"type-product","3":"status-publish","4":"has-post-thumbnail","6":"product_cat-kati-faz-ekstraksiyonu-spe","7":"product_cat-kromatografi","8":"product_cat-spe-kolonlari","10":"first","11":"instock","12":"shipping-taxable","13":"product-type-simple"},"_links":{"self":[{"href":"https:\/\/eam-scientific.com\/tr\/wp-json\/wp\/v2\/product\/11466","targetHints":{"allow":["GET"]}}],"collection":[{"href":"https:\/\/eam-scientific.com\/tr\/wp-json\/wp\/v2\/product"}],"about":[{"href":"https:\/\/eam-scientific.com\/tr\/wp-json\/wp\/v2\/types\/product"}],"replies":[{"embeddable":true,"href":"https:\/\/eam-scientific.com\/tr\/wp-json\/wp\/v2\/comments?post=11466"}],"wp:featuredmedia":[{"embeddable":true,"href":"https:\/\/eam-scientific.com\/tr\/wp-json\/wp\/v2\/media\/7954"}],"wp:attachment":[{"href":"https:\/\/eam-scientific.com\/tr\/wp-json\/wp\/v2\/media?parent=11466"}],"wp:term":[{"taxonomy":"product_cat","embeddable":true,"href":"https:\/\/eam-scientific.com\/tr\/wp-json\/wp\/v2\/product_cat?post=11466"},{"taxonomy":"product_tag","embeddable":true,"href":"https:\/\/eam-scientific.com\/tr\/wp-json\/wp\/v2\/product_tag?post=11466"}],"curies":[{"name":"wp","href":"https:\/\/api.w.org\/{rel}","templated":true}]}}