{"id":11625,"date":"2024-06-20T14:54:42","date_gmt":"2024-06-20T12:54:42","guid":{"rendered":"https:\/\/eam-scientific.com\/produkt\/spe-sorbentleri-doekme-sle-lle-chromabond-xtr-50-filtre-elemani-10-mm\/"},"modified":"2024-06-20T14:54:42","modified_gmt":"2024-06-20T12:54:42","slug":"spe-sorbentleri-doekme-sle-lle-chromabond-xtr-50-filtre-elemani-10-mm","status":"publish","type":"product","link":"https:\/\/eam-scientific.com\/tr\/produkt\/spe-sorbentleri-doekme-sle-lle-chromabond-xtr-50-filtre-elemani-10-mm\/","title":{"rendered":"SPE sorbentleri (d\u00f6kme) SLE\/LLE, CHROMABOND XTR + 50 filtre eleman\u0131 (10 mm)"},"content":{"rendered":"<p>Filtre elemanl\u0131 ambalaj malzemesi (\u00e7ap 10 mm). Klinik kimyadaki fizyolojik s\u0131v\u0131lar (kan, plazma ve serum), tekstildeki boyalar, \u00e7evre ve g\u0131da analizleri gibi y\u00fcksek viskoziteli sulu \u00e7\u00f6zeltilerin \u00e7alkalama hunisi kullan\u0131lmadan s\u0131v\u0131-s\u0131v\u0131 ekstraksiyonu (LLE\/SLE). Organik \u00e7\u00f6z\u00fcc\u00fclerle el\u00fcsyon s\u0131ras\u0131nda su a\u00e7\u0131\u011fa \u00e7\u0131kmadan y\u00fcksek su y\u00fckleme kapasitesi. Su ile kar\u0131\u015fmayan organik \u00e7\u00f6z\u00fcc\u00fclerden az miktarda suyu uzakla\u015ft\u0131rmak i\u00e7in de kullan\u0131labilir. Faz s\u0131n\u0131rlar\u0131yla ilgili sorun yok &#8211; em\u00fclsiyon olu\u015fumu yok.<\/p>\n","protected":false},"excerpt":{"rendered":"<p>Filtre elemanl\u0131 ambalaj malzemesi (\u00e7ap 10 mm). Klinik kimyadaki fizyolojik s\u0131v\u0131lar (kan, plazma ve serum), tekstildeki boyalar, \u00e7evre ve g\u0131da analizleri gibi y\u00fcksek viskoziteli sulu \u00e7\u00f6zeltilerin \u00e7alkalama hunisi kullan\u0131lmadan s\u0131v\u0131-s\u0131v\u0131 ekstraksiyonu (LLE\/SLE). Organik \u00e7\u00f6z\u00fcc\u00fclerle el\u00fcsyon s\u0131ras\u0131nda su a\u00e7\u0131\u011fa \u00e7\u0131kmadan y\u00fcksek su y\u00fckleme kapasitesi. Su ile kar\u0131\u015fmayan organik \u00e7\u00f6z\u00fcc\u00fclerden az miktarda suyu uzakla\u015ft\u0131rmak i\u00e7in de kullan\u0131labilir. [&hellip;]<\/p>\n","protected":false},"featured_media":8278,"comment_status":"open","ping_status":"closed","template":"","meta":[],"product_cat":[68,67,78],"product_tag":[],"class_list":{"0":"post-11625","1":"product","2":"type-product","3":"status-publish","4":"has-post-thumbnail","6":"product_cat-kati-faz-ekstraksiyonu-spe","7":"product_cat-kromatografi","8":"product_cat-sle-lle-tr","10":"first","11":"instock","12":"shipping-taxable","13":"product-type-simple"},"_links":{"self":[{"href":"https:\/\/eam-scientific.com\/tr\/wp-json\/wp\/v2\/product\/11625","targetHints":{"allow":["GET"]}}],"collection":[{"href":"https:\/\/eam-scientific.com\/tr\/wp-json\/wp\/v2\/product"}],"about":[{"href":"https:\/\/eam-scientific.com\/tr\/wp-json\/wp\/v2\/types\/product"}],"replies":[{"embeddable":true,"href":"https:\/\/eam-scientific.com\/tr\/wp-json\/wp\/v2\/comments?post=11625"}],"wp:featuredmedia":[{"embeddable":true,"href":"https:\/\/eam-scientific.com\/tr\/wp-json\/wp\/v2\/media\/8278"}],"wp:attachment":[{"href":"https:\/\/eam-scientific.com\/tr\/wp-json\/wp\/v2\/media?parent=11625"}],"wp:term":[{"taxonomy":"product_cat","embeddable":true,"href":"https:\/\/eam-scientific.com\/tr\/wp-json\/wp\/v2\/product_cat?post=11625"},{"taxonomy":"product_tag","embeddable":true,"href":"https:\/\/eam-scientific.com\/tr\/wp-json\/wp\/v2\/product_tag?post=11625"}],"curies":[{"name":"wp","href":"https:\/\/api.w.org\/{rel}","templated":true}]}}