{"id":11676,"date":"2024-06-20T14:54:06","date_gmt":"2024-06-20T12:54:06","guid":{"rendered":"https:\/\/eam-scientific.com\/produkt\/chromabond-quechers-mix-i-ekstraksiyon-en-15662-15-ml-zr-13-g\/"},"modified":"2024-06-20T14:54:06","modified_gmt":"2024-06-20T12:54:06","slug":"chromabond-quechers-mix-i-ekstraksiyon-en-15662-15-ml-zr-13-g","status":"publish","type":"product","link":"https:\/\/eam-scientific.com\/tr\/produkt\/chromabond-quechers-mix-i-ekstraksiyon-en-15662-15-ml-zr-13-g\/","title":{"rendered":"CHROMABOND QuEChERS Mix I, ekstraksiyon, EN 15662, 15 mL ZR, 13 g"},"content":{"rendered":"<p>QuEChERS (&#8220;H\u0131zl\u0131, Kolay, Ucuz, Etkili, Sa\u011flam ve G\u00fcvenli&#8221;) \u00fcr\u00fcnlerinin geleneksel temizlik y\u00f6ntemlerine k\u0131yasla avantajlar\u0131: kolay kullan\u0131m ve zaman tasarrufu sa\u011flayan i\u015flemlerin yan\u0131 s\u0131ra cam e\u015fyaya ihtiya\u00e7 duyulmamas\u0131 (kullan\u0131\u015fl\u0131 ve ekonomik). D\u00fc\u015f\u00fck solvent t\u00fcketimi ve klorlu solventlere gerek yok (\u00e7evre dostu). \u00c7ok \u00e7e\u015fitli pestisitler tespit edilebilir. Y\u00fcksek ve g\u00fcvenli geri kazan\u0131m oranlar\u0131na sahip sa\u011flam bir y\u00f6ntemdir (g\u00fcvenilir ve y\u00fcksek performansl\u0131). Bunlar modern numune haz\u0131rlama i\u00e7in gerekenlerdir. Anastassiades ve di\u011ferleri taraf\u0131ndan 2003 y\u0131l\u0131nda yap\u0131lan \u00e7al\u0131\u015fma. QuEChERS y\u00f6nteminin (&#8220;yakalay\u0131c\u0131lar&#8221; olarak telaffuz edilir) tan\u0131t\u0131lmas\u0131 ve s\u00fcrekli olarak daha da geli\u015ftirilmesi, kullan\u0131ma haz\u0131r kar\u0131\u015f\u0131mlar\u0131n geni\u015flemesine yol a\u00e7m\u0131\u015ft\u0131r. QuEChERS, meyve, sebze ve di\u011fer matrislerdeki pestisit ve ila\u00e7lar\u0131n analizi i\u00e7in numune haz\u0131rlamada tercih edilen bir y\u00f6ntem haline gelmi\u015ftir.<\/p>\n","protected":false},"excerpt":{"rendered":"<p>QuEChERS (&#8220;H\u0131zl\u0131, Kolay, Ucuz, Etkili, Sa\u011flam ve G\u00fcvenli&#8221;) \u00fcr\u00fcnlerinin geleneksel temizlik y\u00f6ntemlerine k\u0131yasla avantajlar\u0131: kolay kullan\u0131m ve zaman tasarrufu sa\u011flayan i\u015flemlerin yan\u0131 s\u0131ra cam e\u015fyaya ihtiya\u00e7 duyulmamas\u0131 (kullan\u0131\u015fl\u0131 ve ekonomik). D\u00fc\u015f\u00fck solvent t\u00fcketimi ve klorlu solventlere gerek yok (\u00e7evre dostu). \u00c7ok \u00e7e\u015fitli pestisitler tespit edilebilir. Y\u00fcksek ve g\u00fcvenli geri kazan\u0131m oranlar\u0131na sahip sa\u011flam bir y\u00f6ntemdir [&hellip;]<\/p>\n","protected":false},"featured_media":8232,"comment_status":"open","ping_status":"closed","template":"","meta":[],"product_cat":[68,67,80],"product_tag":[],"class_list":{"0":"post-11676","1":"product","2":"type-product","3":"status-publish","4":"has-post-thumbnail","6":"product_cat-kati-faz-ekstraksiyonu-spe","7":"product_cat-kromatografi","8":"product_cat-quechers-karisimlari","10":"first","11":"instock","12":"shipping-taxable","13":"product-type-simple"},"_links":{"self":[{"href":"https:\/\/eam-scientific.com\/tr\/wp-json\/wp\/v2\/product\/11676","targetHints":{"allow":["GET"]}}],"collection":[{"href":"https:\/\/eam-scientific.com\/tr\/wp-json\/wp\/v2\/product"}],"about":[{"href":"https:\/\/eam-scientific.com\/tr\/wp-json\/wp\/v2\/types\/product"}],"replies":[{"embeddable":true,"href":"https:\/\/eam-scientific.com\/tr\/wp-json\/wp\/v2\/comments?post=11676"}],"wp:featuredmedia":[{"embeddable":true,"href":"https:\/\/eam-scientific.com\/tr\/wp-json\/wp\/v2\/media\/8232"}],"wp:attachment":[{"href":"https:\/\/eam-scientific.com\/tr\/wp-json\/wp\/v2\/media?parent=11676"}],"wp:term":[{"taxonomy":"product_cat","embeddable":true,"href":"https:\/\/eam-scientific.com\/tr\/wp-json\/wp\/v2\/product_cat?post=11676"},{"taxonomy":"product_tag","embeddable":true,"href":"https:\/\/eam-scientific.com\/tr\/wp-json\/wp\/v2\/product_tag?post=11676"}],"curies":[{"name":"wp","href":"https:\/\/api.w.org\/{rel}","templated":true}]}}