{"id":11722,"date":"2024-06-20T14:53:00","date_gmt":"2024-06-20T12:53:00","guid":{"rendered":"https:\/\/eam-scientific.com\/produkt\/spe-multi-96-monoblok-chromabond-sa-96x-100-mg-45-%c2%b5m\/"},"modified":"2024-06-28T10:09:40","modified_gmt":"2024-06-28T08:09:40","slug":"spe-multi-96-monoblok-chromabond-sa-96x-100-mg-45-%c2%b5m","status":"publish","type":"product","link":"https:\/\/eam-scientific.com\/tr\/produkt\/spe-multi-96-monoblok-chromabond-sa-96x-100-mg-45-%c2%b5m\/","title":{"rendered":"SPE MULTI 96-Monoblok CHROMABOND SA, 96x 100 mg, 45 \u00b5m"},"content":{"rendered":"<p>Ayn\u0131 anda 96 numunenin haz\u0131rlanmas\u0131 i\u00e7in &#8211; y\u00fcksek verimli SPE. Benzens\u00fclfonik asit ile modifiye edilmi\u015f silika jel, g\u00fc\u00e7l\u00fc asidik katyon de\u011fi\u015ftirici (SCX). Kapasite ~ 0,5 meq\/g, hidrofobik ve \u03c0-\u03c0-\u03c0 etkile\u015fimli sorbent (benzen halkas\u0131), organik bile\u015fiklerin sulu matriksten iyon de\u011fi\u015fimi, iyonik ve polar olmayan etkile\u015fimleri telafi eden \u00e7\u00f6z\u00fcc\u00fc sistemleriyle ilgili bile\u015fiklerin el\u00fcsyonu, \u00f6rn. metanol-HCl.<\/p>\n","protected":false},"excerpt":{"rendered":"<p>Ayn\u0131 anda 96 numunenin haz\u0131rlanmas\u0131 i\u00e7in &#8211; y\u00fcksek verimli SPE. Benzens\u00fclfonik asit ile modifiye edilmi\u015f silika jel, g\u00fc\u00e7l\u00fc asidik katyon de\u011fi\u015ftirici (SCX). Kapasite ~ 0,5 meq\/g, hidrofobik ve \u03c0-\u03c0-\u03c0 etkile\u015fimli sorbent (benzen halkas\u0131), organik bile\u015fiklerin sulu matriksten iyon de\u011fi\u015fimi, iyonik ve polar olmayan etkile\u015fimleri telafi eden \u00e7\u00f6z\u00fcc\u00fc sistemleriyle ilgili bile\u015fiklerin el\u00fcsyonu, \u00f6rn. metanol-HCl.<\/p>\n","protected":false},"featured_media":8184,"comment_status":"open","ping_status":"closed","template":"","meta":[],"product_cat":[68,67,82],"product_tag":[],"class_list":{"0":"post-11722","1":"product","2":"type-product","3":"status-publish","4":"has-post-thumbnail","6":"product_cat-kati-faz-ekstraksiyonu-spe","7":"product_cat-kromatografi","8":"product_cat-spe-multi-96-paneller","10":"first","11":"instock","12":"shipping-taxable","13":"product-type-simple"},"_links":{"self":[{"href":"https:\/\/eam-scientific.com\/tr\/wp-json\/wp\/v2\/product\/11722","targetHints":{"allow":["GET"]}}],"collection":[{"href":"https:\/\/eam-scientific.com\/tr\/wp-json\/wp\/v2\/product"}],"about":[{"href":"https:\/\/eam-scientific.com\/tr\/wp-json\/wp\/v2\/types\/product"}],"replies":[{"embeddable":true,"href":"https:\/\/eam-scientific.com\/tr\/wp-json\/wp\/v2\/comments?post=11722"}],"wp:featuredmedia":[{"embeddable":true,"href":"https:\/\/eam-scientific.com\/tr\/wp-json\/wp\/v2\/media\/8184"}],"wp:attachment":[{"href":"https:\/\/eam-scientific.com\/tr\/wp-json\/wp\/v2\/media?parent=11722"}],"wp:term":[{"taxonomy":"product_cat","embeddable":true,"href":"https:\/\/eam-scientific.com\/tr\/wp-json\/wp\/v2\/product_cat?post=11722"},{"taxonomy":"product_tag","embeddable":true,"href":"https:\/\/eam-scientific.com\/tr\/wp-json\/wp\/v2\/product_tag?post=11722"}],"curies":[{"name":"wp","href":"https:\/\/api.w.org\/{rel}","templated":true}]}}