{"id":11798,"date":"2024-06-20T14:52:09","date_gmt":"2024-06-20T12:52:09","guid":{"rendered":"https:\/\/eam-scientific.com\/produkt\/spe-kolonu-chromabond-hr-p-50-100-%c2%b5m-1-ml-100-mg\/"},"modified":"2024-06-28T10:06:49","modified_gmt":"2024-06-28T08:06:49","slug":"spe-kolonu-chromabond-hr-p-50-100-%c2%b5m-1-ml-100-mg","status":"publish","type":"product","link":"https:\/\/eam-scientific.com\/tr\/produkt\/spe-kolonu-chromabond-hr-p-50-100-%c2%b5m-1-ml-100-mg\/","title":{"rendered":"SPE kolonu, CHROMABOND HR-P, 50-100 \u00b5m, 1 mL\/100 mg"},"content":{"rendered":"<p>HR-P SPE faz\u0131, kat\u0131 faz ekstraksiyonu i\u00e7in olduk\u00e7a g\u00f6zenekli bir polistiren-divinilbenzen kopolimeridir. \u00c7ok y\u00fcksek bir spesifik y\u00fczey alan\u0131na sahiptir.<\/p>\n","protected":false},"excerpt":{"rendered":"<p>HR-P SPE faz\u0131, kat\u0131 faz ekstraksiyonu i\u00e7in olduk\u00e7a g\u00f6zenekli bir polistiren-divinilbenzen kopolimeridir. \u00c7ok y\u00fcksek bir spesifik y\u00fczey alan\u0131na sahiptir.<\/p>\n","protected":false},"featured_media":8106,"comment_status":"open","ping_status":"closed","template":"","meta":[],"product_cat":[68,67,69],"product_tag":[],"class_list":{"0":"post-11798","1":"product","2":"type-product","3":"status-publish","4":"has-post-thumbnail","6":"product_cat-kati-faz-ekstraksiyonu-spe","7":"product_cat-kromatografi","8":"product_cat-spe-kolonlari","10":"first","11":"instock","12":"shipping-taxable","13":"product-type-simple"},"_links":{"self":[{"href":"https:\/\/eam-scientific.com\/tr\/wp-json\/wp\/v2\/product\/11798","targetHints":{"allow":["GET"]}}],"collection":[{"href":"https:\/\/eam-scientific.com\/tr\/wp-json\/wp\/v2\/product"}],"about":[{"href":"https:\/\/eam-scientific.com\/tr\/wp-json\/wp\/v2\/types\/product"}],"replies":[{"embeddable":true,"href":"https:\/\/eam-scientific.com\/tr\/wp-json\/wp\/v2\/comments?post=11798"}],"wp:featuredmedia":[{"embeddable":true,"href":"https:\/\/eam-scientific.com\/tr\/wp-json\/wp\/v2\/media\/8106"}],"wp:attachment":[{"href":"https:\/\/eam-scientific.com\/tr\/wp-json\/wp\/v2\/media?parent=11798"}],"wp:term":[{"taxonomy":"product_cat","embeddable":true,"href":"https:\/\/eam-scientific.com\/tr\/wp-json\/wp\/v2\/product_cat?post=11798"},{"taxonomy":"product_tag","embeddable":true,"href":"https:\/\/eam-scientific.com\/tr\/wp-json\/wp\/v2\/product_tag?post=11798"}],"curies":[{"name":"wp","href":"https:\/\/api.w.org\/{rel}","templated":true}]}}