{"id":11879,"date":"2024-06-20T14:51:08","date_gmt":"2024-06-20T12:51:08","guid":{"rendered":"https:\/\/eam-scientific.com\/produkt\/spe-kolonu-chromabond-sioh-h%e2%82%82so%e2%82%84-sa-45-%c2%b5m-3-ml-500-500-mg\/"},"modified":"2024-06-28T10:10:09","modified_gmt":"2024-06-28T08:10:09","slug":"spe-kolonu-chromabond-sioh-h%e2%82%82so%e2%82%84-sa-45-%c2%b5m-3-ml-500-500-mg","status":"publish","type":"product","link":"https:\/\/eam-scientific.com\/tr\/produkt\/spe-kolonu-chromabond-sioh-h%e2%82%82so%e2%82%84-sa-45-%c2%b5m-3-ml-500-500-mg\/","title":{"rendered":"SPE kolonu, CHROMABOND SiOH-H\u2082SO\u2084\/SA, 45 \u00b5m, 3 mL\/500\/500 mg"},"content":{"rendered":"<p>Alman end\u00fcstriyel standard\u0131 DIN 51527, B\u00f6l\u00fcm 1&#8217;e referansla PCB&#8217;lerin petrolden SPE&#8217;si i\u00e7in kombinasyon faz\u0131. \u0130yonik ve s\u00fclf\u00fcr i\u00e7eren bile\u015fiklerin ayr\u0131lmas\u0131 i\u00e7in benzens\u00fclfonik asit modifikasyonlu silika jel bazl\u0131, g\u00fc\u00e7l\u00fc asidik katyon de\u011fi\u015ftirici (SA) ile e\u015flik eden maddelerin iyonik ve\/veya polar bile\u015fiklere oksidasyonu i\u00e7in H\u2082SO\u2084 emdirilmi\u015f silika jel faz\u0131.  <\/p>\n","protected":false},"excerpt":{"rendered":"<p>Alman end\u00fcstriyel standard\u0131 DIN 51527, B\u00f6l\u00fcm 1&#8217;e referansla PCB&#8217;lerin petrolden SPE&#8217;si i\u00e7in kombinasyon faz\u0131. \u0130yonik ve s\u00fclf\u00fcr i\u00e7eren bile\u015fiklerin ayr\u0131lmas\u0131 i\u00e7in benzens\u00fclfonik asit modifikasyonlu silika jel bazl\u0131, g\u00fc\u00e7l\u00fc asidik katyon de\u011fi\u015ftirici (SA) ile e\u015flik eden maddelerin iyonik ve\/veya polar bile\u015fiklere oksidasyonu i\u00e7in H\u2082SO\u2084 emdirilmi\u015f silika jel faz\u0131.<\/p>\n","protected":false},"featured_media":15344,"comment_status":"open","ping_status":"closed","template":"","meta":[],"product_cat":[68,67,69],"product_tag":[],"class_list":{"0":"post-11879","1":"product","2":"type-product","3":"status-publish","4":"has-post-thumbnail","6":"product_cat-kati-faz-ekstraksiyonu-spe","7":"product_cat-kromatografi","8":"product_cat-spe-kolonlari","10":"first","11":"instock","12":"shipping-taxable","13":"product-type-simple"},"_links":{"self":[{"href":"https:\/\/eam-scientific.com\/tr\/wp-json\/wp\/v2\/product\/11879","targetHints":{"allow":["GET"]}}],"collection":[{"href":"https:\/\/eam-scientific.com\/tr\/wp-json\/wp\/v2\/product"}],"about":[{"href":"https:\/\/eam-scientific.com\/tr\/wp-json\/wp\/v2\/types\/product"}],"replies":[{"embeddable":true,"href":"https:\/\/eam-scientific.com\/tr\/wp-json\/wp\/v2\/comments?post=11879"}],"wp:featuredmedia":[{"embeddable":true,"href":"https:\/\/eam-scientific.com\/tr\/wp-json\/wp\/v2\/media\/15344"}],"wp:attachment":[{"href":"https:\/\/eam-scientific.com\/tr\/wp-json\/wp\/v2\/media?parent=11879"}],"wp:term":[{"taxonomy":"product_cat","embeddable":true,"href":"https:\/\/eam-scientific.com\/tr\/wp-json\/wp\/v2\/product_cat?post=11879"},{"taxonomy":"product_tag","embeddable":true,"href":"https:\/\/eam-scientific.com\/tr\/wp-json\/wp\/v2\/product_tag?post=11879"}],"curies":[{"name":"wp","href":"https:\/\/api.w.org\/{rel}","templated":true}]}}