{"id":12037,"date":"2024-06-20T14:57:38","date_gmt":"2024-06-20T12:57:38","guid":{"rendered":"https:\/\/eam-scientific.com\/produkt\/chromabond-kapak-ayaklari-spe-uest-kapak-icin-4lue-paket\/"},"modified":"2024-06-20T14:57:38","modified_gmt":"2024-06-20T12:57:38","slug":"chromabond-kapak-ayaklari-spe-uest-kapak-icin-4lue-paket","status":"publish","type":"product","link":"https:\/\/eam-scientific.com\/tr\/produkt\/chromabond-kapak-ayaklari-spe-uest-kapak-icin-4lue-paket\/","title":{"rendered":"CHROMABOND kapak ayaklar\u0131 SPE \u00fcst kapak i\u00e7in 4&#8217;l\u00fc paket"},"content":{"rendered":"<p>CHROMABOND kapak ayaklar\u0131 SPE, \u00fcst kapaklar i\u00e7in, 4&#8217;l\u00fc paket<\/p>\n","protected":false},"excerpt":{"rendered":"<p>CHROMABOND kapak ayaklar\u0131 SPE, \u00fcst kapaklar i\u00e7in, 4&#8217;l\u00fc paket<\/p>\n","protected":false},"featured_media":8432,"comment_status":"open","ping_status":"closed","template":"","meta":[],"product_cat":[68,67,89],"product_tag":[],"class_list":{"0":"post-12037","1":"product","2":"type-product","3":"status-publish","4":"has-post-thumbnail","6":"product_cat-kati-faz-ekstraksiyonu-spe","7":"product_cat-kromatografi","8":"product_cat-spe-aksesuarlari","10":"first","11":"instock","12":"shipping-taxable","13":"product-type-simple"},"_links":{"self":[{"href":"https:\/\/eam-scientific.com\/tr\/wp-json\/wp\/v2\/product\/12037","targetHints":{"allow":["GET"]}}],"collection":[{"href":"https:\/\/eam-scientific.com\/tr\/wp-json\/wp\/v2\/product"}],"about":[{"href":"https:\/\/eam-scientific.com\/tr\/wp-json\/wp\/v2\/types\/product"}],"replies":[{"embeddable":true,"href":"https:\/\/eam-scientific.com\/tr\/wp-json\/wp\/v2\/comments?post=12037"}],"wp:featuredmedia":[{"embeddable":true,"href":"https:\/\/eam-scientific.com\/tr\/wp-json\/wp\/v2\/media\/8432"}],"wp:attachment":[{"href":"https:\/\/eam-scientific.com\/tr\/wp-json\/wp\/v2\/media?parent=12037"}],"wp:term":[{"taxonomy":"product_cat","embeddable":true,"href":"https:\/\/eam-scientific.com\/tr\/wp-json\/wp\/v2\/product_cat?post=12037"},{"taxonomy":"product_tag","embeddable":true,"href":"https:\/\/eam-scientific.com\/tr\/wp-json\/wp\/v2\/product_tag?post=12037"}],"curies":[{"name":"wp","href":"https:\/\/api.w.org\/{rel}","templated":true}]}}