{"id":12050,"date":"2024-06-20T14:57:38","date_gmt":"2024-06-20T12:57:38","guid":{"rendered":"https:\/\/eam-scientific.com\/produkt\/agirlikli-tuep-adaptoerue-15-45-70-ml-chromabond-spe-kolonlari\/"},"modified":"2024-06-20T14:57:38","modified_gmt":"2024-06-20T12:57:38","slug":"agirlikli-tuep-adaptoerue-15-45-70-ml-chromabond-spe-kolonlari","status":"publish","type":"product","link":"https:\/\/eam-scientific.com\/tr\/produkt\/agirlikli-tuep-adaptoerue-15-45-70-ml-chromabond-spe-kolonlari\/","title":{"rendered":"A\u011f\u0131rl\u0131kl\u0131 t\u00fcp adapt\u00f6r\u00fc 15, 45, 70 mL CHROMABOND SPE kolonlar\u0131"},"content":{"rendered":"<p>SPE kolonlar\u0131nda (PP, 15 mL, 45 mL, 70 mL) b\u00fcy\u00fck \u00f6rnek hacimlerinin uygulanmas\u0131 i\u00e7in CHROMABOND t\u00fcp adapt\u00f6r\u00fc, dahil. A\u011f\u0131rl\u0131kl\u0131 PTFE hortumlar (yakla\u015f\u0131k 1 m).<\/p>\n","protected":false},"excerpt":{"rendered":"<p>SPE kolonlar\u0131nda (PP, 15 mL, 45 mL, 70 mL) b\u00fcy\u00fck \u00f6rnek hacimlerinin uygulanmas\u0131 i\u00e7in CHROMABOND t\u00fcp adapt\u00f6r\u00fc, dahil. A\u011f\u0131rl\u0131kl\u0131 PTFE hortumlar (yakla\u015f\u0131k 1 m).<\/p>\n","protected":false},"featured_media":8420,"comment_status":"open","ping_status":"closed","template":"","meta":[],"product_cat":[68,67,89],"product_tag":[],"class_list":{"0":"post-12050","1":"product","2":"type-product","3":"status-publish","4":"has-post-thumbnail","6":"product_cat-kati-faz-ekstraksiyonu-spe","7":"product_cat-kromatografi","8":"product_cat-spe-aksesuarlari","10":"first","11":"instock","12":"shipping-taxable","13":"product-type-simple"},"_links":{"self":[{"href":"https:\/\/eam-scientific.com\/tr\/wp-json\/wp\/v2\/product\/12050","targetHints":{"allow":["GET"]}}],"collection":[{"href":"https:\/\/eam-scientific.com\/tr\/wp-json\/wp\/v2\/product"}],"about":[{"href":"https:\/\/eam-scientific.com\/tr\/wp-json\/wp\/v2\/types\/product"}],"replies":[{"embeddable":true,"href":"https:\/\/eam-scientific.com\/tr\/wp-json\/wp\/v2\/comments?post=12050"}],"wp:featuredmedia":[{"embeddable":true,"href":"https:\/\/eam-scientific.com\/tr\/wp-json\/wp\/v2\/media\/8420"}],"wp:attachment":[{"href":"https:\/\/eam-scientific.com\/tr\/wp-json\/wp\/v2\/media?parent=12050"}],"wp:term":[{"taxonomy":"product_cat","embeddable":true,"href":"https:\/\/eam-scientific.com\/tr\/wp-json\/wp\/v2\/product_cat?post=12050"},{"taxonomy":"product_tag","embeddable":true,"href":"https:\/\/eam-scientific.com\/tr\/wp-json\/wp\/v2\/product_tag?post=12050"}],"curies":[{"name":"wp","href":"https:\/\/api.w.org\/{rel}","templated":true}]}}