{"id":12067,"date":"2024-06-20T14:57:18","date_gmt":"2024-06-20T12:57:18","guid":{"rendered":"https:\/\/eam-scientific.com\/produkt\/chromabond-kuru-uest-kapak-ref-730151-ve-ref-730151n-icin-aksesuar\/"},"modified":"2024-06-20T14:57:18","modified_gmt":"2024-06-20T12:57:18","slug":"chromabond-kuru-uest-kapak-ref-730151-ve-ref-730151n-icin-aksesuar","status":"publish","type":"product","link":"https:\/\/eam-scientific.com\/tr\/produkt\/chromabond-kuru-uest-kapak-ref-730151-ve-ref-730151n-icin-aksesuar\/","title":{"rendered":"CHROMABOND kuru \u00fcst kapak, REF 730151 ve REF 730151N i\u00e7in aksesuar"},"content":{"rendered":"<p>CHROMABOND kuru \u00fcst kapak, REF 730151 ve REF 730151N i\u00e7in aksesuar<\/p>\n","protected":false},"excerpt":{"rendered":"<p>CHROMABOND kuru \u00fcst kapak, REF 730151 ve REF 730151N i\u00e7in aksesuar<\/p>\n","protected":false},"featured_media":8402,"comment_status":"open","ping_status":"closed","template":"","meta":[],"product_cat":[68,67,89],"product_tag":[],"class_list":{"0":"post-12067","1":"product","2":"type-product","3":"status-publish","4":"has-post-thumbnail","6":"product_cat-kati-faz-ekstraksiyonu-spe","7":"product_cat-kromatografi","8":"product_cat-spe-aksesuarlari","10":"first","11":"instock","12":"shipping-taxable","13":"product-type-simple"},"_links":{"self":[{"href":"https:\/\/eam-scientific.com\/tr\/wp-json\/wp\/v2\/product\/12067","targetHints":{"allow":["GET"]}}],"collection":[{"href":"https:\/\/eam-scientific.com\/tr\/wp-json\/wp\/v2\/product"}],"about":[{"href":"https:\/\/eam-scientific.com\/tr\/wp-json\/wp\/v2\/types\/product"}],"replies":[{"embeddable":true,"href":"https:\/\/eam-scientific.com\/tr\/wp-json\/wp\/v2\/comments?post=12067"}],"wp:featuredmedia":[{"embeddable":true,"href":"https:\/\/eam-scientific.com\/tr\/wp-json\/wp\/v2\/media\/8402"}],"wp:attachment":[{"href":"https:\/\/eam-scientific.com\/tr\/wp-json\/wp\/v2\/media?parent=12067"}],"wp:term":[{"taxonomy":"product_cat","embeddable":true,"href":"https:\/\/eam-scientific.com\/tr\/wp-json\/wp\/v2\/product_cat?post=12067"},{"taxonomy":"product_tag","embeddable":true,"href":"https:\/\/eam-scientific.com\/tr\/wp-json\/wp\/v2\/product_tag?post=12067"}],"curies":[{"name":"wp","href":"https:\/\/api.w.org\/{rel}","templated":true}]}}