{"id":12088,"date":"2024-06-20T14:56:52","date_gmt":"2024-06-20T12:56:52","guid":{"rendered":"https:\/\/eam-scientific.com\/produkt\/chromabond-kurutma-uest-kapagi-ref-730150n-icin-aksesuar\/"},"modified":"2024-06-20T14:56:52","modified_gmt":"2024-06-20T12:56:52","slug":"chromabond-kurutma-uest-kapagi-ref-730150n-icin-aksesuar","status":"publish","type":"product","link":"https:\/\/eam-scientific.com\/tr\/produkt\/chromabond-kurutma-uest-kapagi-ref-730150n-icin-aksesuar\/","title":{"rendered":"CHROMABOND kurutma \u00fcst kapa\u011f\u0131, REF 730150N i\u00e7in aksesuar"},"content":{"rendered":"<p>CHROMABOND kurutma \u00fcst kapa\u011f\u0131, REF 730150N i\u00e7in aksesuar<\/p>\n","protected":false},"excerpt":{"rendered":"<p>CHROMABOND kurutma \u00fcst kapa\u011f\u0131, REF 730150N i\u00e7in aksesuar<\/p>\n","protected":false},"featured_media":8386,"comment_status":"open","ping_status":"closed","template":"","meta":[],"product_cat":[68,67,89],"product_tag":[],"class_list":{"0":"post-12088","1":"product","2":"type-product","3":"status-publish","4":"has-post-thumbnail","6":"product_cat-kati-faz-ekstraksiyonu-spe","7":"product_cat-kromatografi","8":"product_cat-spe-aksesuarlari","10":"first","11":"instock","12":"shipping-taxable","13":"product-type-simple"},"_links":{"self":[{"href":"https:\/\/eam-scientific.com\/tr\/wp-json\/wp\/v2\/product\/12088","targetHints":{"allow":["GET"]}}],"collection":[{"href":"https:\/\/eam-scientific.com\/tr\/wp-json\/wp\/v2\/product"}],"about":[{"href":"https:\/\/eam-scientific.com\/tr\/wp-json\/wp\/v2\/types\/product"}],"replies":[{"embeddable":true,"href":"https:\/\/eam-scientific.com\/tr\/wp-json\/wp\/v2\/comments?post=12088"}],"wp:featuredmedia":[{"embeddable":true,"href":"https:\/\/eam-scientific.com\/tr\/wp-json\/wp\/v2\/media\/8386"}],"wp:attachment":[{"href":"https:\/\/eam-scientific.com\/tr\/wp-json\/wp\/v2\/media?parent=12088"}],"wp:term":[{"taxonomy":"product_cat","embeddable":true,"href":"https:\/\/eam-scientific.com\/tr\/wp-json\/wp\/v2\/product_cat?post=12088"},{"taxonomy":"product_tag","embeddable":true,"href":"https:\/\/eam-scientific.com\/tr\/wp-json\/wp\/v2\/product_tag?post=12088"}],"curies":[{"name":"wp","href":"https:\/\/api.w.org\/{rel}","templated":true}]}}