{"id":12161,"date":"2024-06-20T15:04:47","date_gmt":"2024-06-20T13:04:47","guid":{"rendered":"https:\/\/eam-scientific.com\/produkt\/mikro-insert-n-9n-10n-11-60x310-mm-03-ml-duez-tabanli-seffaf\/"},"modified":"2024-06-20T15:04:47","modified_gmt":"2024-06-20T13:04:47","slug":"mikro-insert-n-9n-10n-11-60x310-mm-03-ml-duez-tabanli-seffaf","status":"publish","type":"product","link":"https:\/\/eam-scientific.com\/tr\/produkt\/mikro-insert-n-9n-10n-11-60x310-mm-03-ml-duez-tabanli-seffaf\/","title":{"rendered":"Mikro insert, N 9|N 10|N 11, 6,0&#215;31,0 mm, 0,3 mL, d\u00fcz tabanl\u0131, \u015feffaf"},"content":{"rendered":"<p>Daha k\u00fc\u00e7\u00fck \u00e7ap nedeniyle hacmi azaltan geni\u015f a\u00e7\u0131kl\u0131kl\u0131 \u015fi\u015feler i\u00e7in ucuz, basit mikro insert.<\/p>\n","protected":false},"excerpt":{"rendered":"<p>Daha k\u00fc\u00e7\u00fck \u00e7ap nedeniyle hacmi azaltan geni\u015f a\u00e7\u0131kl\u0131kl\u0131 \u015fi\u015feler i\u00e7in ucuz, basit mikro insert.<\/p>\n","protected":false},"featured_media":8872,"comment_status":"open","ping_status":"closed","template":"","meta":[],"product_cat":[67,93,92],"product_tag":[],"class_list":{"0":"post-12161","1":"product","2":"type-product","3":"status-publish","4":"has-post-thumbnail","6":"product_cat-kromatografi","7":"product_cat-mikro-uclar","8":"product_cat-vial-ve-kapaklar","10":"first","11":"instock","12":"shipping-taxable","13":"product-type-simple"},"_links":{"self":[{"href":"https:\/\/eam-scientific.com\/tr\/wp-json\/wp\/v2\/product\/12161","targetHints":{"allow":["GET"]}}],"collection":[{"href":"https:\/\/eam-scientific.com\/tr\/wp-json\/wp\/v2\/product"}],"about":[{"href":"https:\/\/eam-scientific.com\/tr\/wp-json\/wp\/v2\/types\/product"}],"replies":[{"embeddable":true,"href":"https:\/\/eam-scientific.com\/tr\/wp-json\/wp\/v2\/comments?post=12161"}],"wp:featuredmedia":[{"embeddable":true,"href":"https:\/\/eam-scientific.com\/tr\/wp-json\/wp\/v2\/media\/8872"}],"wp:attachment":[{"href":"https:\/\/eam-scientific.com\/tr\/wp-json\/wp\/v2\/media?parent=12161"}],"wp:term":[{"taxonomy":"product_cat","embeddable":true,"href":"https:\/\/eam-scientific.com\/tr\/wp-json\/wp\/v2\/product_cat?post=12161"},{"taxonomy":"product_tag","embeddable":true,"href":"https:\/\/eam-scientific.com\/tr\/wp-json\/wp\/v2\/product_tag?post=12161"}],"curies":[{"name":"wp","href":"https:\/\/api.w.org\/{rel}","templated":true}]}}