{"id":12255,"date":"2024-06-20T15:03:25","date_gmt":"2024-06-20T13:03:25","guid":{"rendered":"https:\/\/eam-scientific.com\/produkt\/disli-sise-n-20-227x860-mm-240-ml-duez-taban-seffaf\/"},"modified":"2024-06-20T15:03:25","modified_gmt":"2024-06-20T13:03:25","slug":"disli-sise-n-20-227x860-mm-240-ml-duez-taban-seffaf","status":"publish","type":"product","link":"https:\/\/eam-scientific.com\/tr\/produkt\/disli-sise-n-20-227x860-mm-240-ml-duez-taban-seffaf\/","title":{"rendered":"Di\u015fli \u015fi\u015fe, N 20, 22,7&#215;86,0 mm, 24,0 mL, d\u00fcz taban, \u015feffaf"},"content":{"rendered":"<p>\u00c7e\u015fitli boyutlarda s\u0131v\u0131 numuneleri saklamak i\u00e7in di\u015fli \u015fi\u015feler. Shimadzu ASI otomatik \u00f6rnekleyicilerde TOC analizi i\u00e7in de kullan\u0131l\u0131r.<\/p>\n","protected":false},"excerpt":{"rendered":"<p>\u00c7e\u015fitli boyutlarda s\u0131v\u0131 numuneleri saklamak i\u00e7in di\u015fli \u015fi\u015feler. Shimadzu ASI otomatik \u00f6rnekleyicilerde TOC analizi i\u00e7in de kullan\u0131l\u0131r.<\/p>\n","protected":false},"featured_media":8780,"comment_status":"open","ping_status":"closed","template":"","meta":[],"product_cat":[67,99,92],"product_tag":[],"class_list":{"0":"post-12255","1":"product","2":"type-product","3":"status-publish","4":"has-post-thumbnail","6":"product_cat-kromatografi","7":"product_cat-siseler","8":"product_cat-vial-ve-kapaklar","10":"first","11":"instock","12":"shipping-taxable","13":"product-type-simple"},"_links":{"self":[{"href":"https:\/\/eam-scientific.com\/tr\/wp-json\/wp\/v2\/product\/12255","targetHints":{"allow":["GET"]}}],"collection":[{"href":"https:\/\/eam-scientific.com\/tr\/wp-json\/wp\/v2\/product"}],"about":[{"href":"https:\/\/eam-scientific.com\/tr\/wp-json\/wp\/v2\/types\/product"}],"replies":[{"embeddable":true,"href":"https:\/\/eam-scientific.com\/tr\/wp-json\/wp\/v2\/comments?post=12255"}],"wp:featuredmedia":[{"embeddable":true,"href":"https:\/\/eam-scientific.com\/tr\/wp-json\/wp\/v2\/media\/8780"}],"wp:attachment":[{"href":"https:\/\/eam-scientific.com\/tr\/wp-json\/wp\/v2\/media?parent=12255"}],"wp:term":[{"taxonomy":"product_cat","embeddable":true,"href":"https:\/\/eam-scientific.com\/tr\/wp-json\/wp\/v2\/product_cat?post=12255"},{"taxonomy":"product_tag","embeddable":true,"href":"https:\/\/eam-scientific.com\/tr\/wp-json\/wp\/v2\/product_tag?post=12255"}],"curies":[{"name":"wp","href":"https:\/\/api.w.org\/{rel}","templated":true}]}}