{"id":12259,"date":"2024-06-20T15:03:25","date_gmt":"2024-06-20T13:03:25","guid":{"rendered":"https:\/\/eam-scientific.com\/produkt\/rulo-agizli-sise-n-20-217x3825-mm-50-ml-fl-zemin-kesilmis-rr-temiz\/"},"modified":"2024-06-20T15:03:25","modified_gmt":"2024-06-20T13:03:25","slug":"rulo-agizli-sise-n-20-217x3825-mm-50-ml-fl-zemin-kesilmis-rr-temiz","status":"publish","type":"product","link":"https:\/\/eam-scientific.com\/tr\/produkt\/rulo-agizli-sise-n-20-217x3825-mm-50-ml-fl-zemin-kesilmis-rr-temiz\/","title":{"rendered":"Rulo a\u011f\u0131zl\u0131 \u015fi\u015fe, N 20, 21,7&#215;38,25 mm, 5,0 mL, fl. Zemin, kesilmi\u015f RR, temiz"},"content":{"rendered":"<p>&nbsp;E\u011fimli HS haddelenmi\u015f a\u011f\u0131zl\u0131 bu N 20 haddelenmi\u015f a\u011f\u0131zl\u0131 \u015fi\u015feler, Metrohm cihazlar\u0131nda Karl Fischer titrasyonu i\u00e7in 702093 kapak ile birlikte kullan\u0131l\u0131r. Her \u015fi\u015fe tipi i\u00e7in Uygunluk Sertifikalar\u0131 (CoC) talep edilebilir.<\/p>\n","protected":false},"excerpt":{"rendered":"<p>&nbsp;E\u011fimli HS haddelenmi\u015f a\u011f\u0131zl\u0131 bu N 20 haddelenmi\u015f a\u011f\u0131zl\u0131 \u015fi\u015feler, Metrohm cihazlar\u0131nda Karl Fischer titrasyonu i\u00e7in 702093 kapak ile birlikte kullan\u0131l\u0131r. Her \u015fi\u015fe tipi i\u00e7in Uygunluk Sertifikalar\u0131 (CoC) talep edilebilir.<\/p>\n","protected":false},"featured_media":8778,"comment_status":"open","ping_status":"closed","template":"","meta":[],"product_cat":[67,99,92],"product_tag":[],"class_list":{"0":"post-12259","1":"product","2":"type-product","3":"status-publish","4":"has-post-thumbnail","6":"product_cat-kromatografi","7":"product_cat-siseler","8":"product_cat-vial-ve-kapaklar","10":"first","11":"instock","12":"shipping-taxable","13":"product-type-simple"},"_links":{"self":[{"href":"https:\/\/eam-scientific.com\/tr\/wp-json\/wp\/v2\/product\/12259","targetHints":{"allow":["GET"]}}],"collection":[{"href":"https:\/\/eam-scientific.com\/tr\/wp-json\/wp\/v2\/product"}],"about":[{"href":"https:\/\/eam-scientific.com\/tr\/wp-json\/wp\/v2\/types\/product"}],"replies":[{"embeddable":true,"href":"https:\/\/eam-scientific.com\/tr\/wp-json\/wp\/v2\/comments?post=12259"}],"wp:featuredmedia":[{"embeddable":true,"href":"https:\/\/eam-scientific.com\/tr\/wp-json\/wp\/v2\/media\/8778"}],"wp:attachment":[{"href":"https:\/\/eam-scientific.com\/tr\/wp-json\/wp\/v2\/media?parent=12259"}],"wp:term":[{"taxonomy":"product_cat","embeddable":true,"href":"https:\/\/eam-scientific.com\/tr\/wp-json\/wp\/v2\/product_cat?post=12259"},{"taxonomy":"product_tag","embeddable":true,"href":"https:\/\/eam-scientific.com\/tr\/wp-json\/wp\/v2\/product_tag?post=12259"}],"curies":[{"name":"wp","href":"https:\/\/api.w.org\/{rel}","templated":true}]}}