{"id":12268,"date":"2024-06-20T15:03:24","date_gmt":"2024-06-20T13:03:24","guid":{"rendered":"https:\/\/eam-scientific.com\/produkt\/haddelenmis-agizli-sise-n-8-55x315-mm-03-ml-yuvarlak-tabanli-seffaf\/"},"modified":"2024-06-20T15:03:24","modified_gmt":"2024-06-20T13:03:24","slug":"haddelenmis-agizli-sise-n-8-55x315-mm-03-ml-yuvarlak-tabanli-seffaf","status":"publish","type":"product","link":"https:\/\/eam-scientific.com\/tr\/produkt\/haddelenmis-agizli-sise-n-8-55x315-mm-03-ml-yuvarlak-tabanli-seffaf\/","title":{"rendered":"Haddelenmi\u015f a\u011f\u0131zl\u0131 \u015fi\u015fe, N 8, 5,5&#215;31,5 mm, 0,3 mL, yuvarlak tabanl\u0131, \u015feffaf"},"content":{"rendered":"<p>\u00c7ok k\u00fc\u00e7\u00fck hacimler i\u00e7in farkl\u0131 taban \u015fekillerine sahip rulo a\u011f\u0131zl\u0131 \u015fi\u015feler N 8.<\/p>\n","protected":false},"excerpt":{"rendered":"<p>\u00c7ok k\u00fc\u00e7\u00fck hacimler i\u00e7in farkl\u0131 taban \u015fekillerine sahip rulo a\u011f\u0131zl\u0131 \u015fi\u015feler N 8.<\/p>\n","protected":false},"featured_media":8764,"comment_status":"open","ping_status":"closed","template":"","meta":[],"product_cat":[67,99,92],"product_tag":[],"class_list":{"0":"post-12268","1":"product","2":"type-product","3":"status-publish","4":"has-post-thumbnail","6":"product_cat-kromatografi","7":"product_cat-siseler","8":"product_cat-vial-ve-kapaklar","10":"first","11":"instock","12":"shipping-taxable","13":"product-type-simple"},"_links":{"self":[{"href":"https:\/\/eam-scientific.com\/tr\/wp-json\/wp\/v2\/product\/12268","targetHints":{"allow":["GET"]}}],"collection":[{"href":"https:\/\/eam-scientific.com\/tr\/wp-json\/wp\/v2\/product"}],"about":[{"href":"https:\/\/eam-scientific.com\/tr\/wp-json\/wp\/v2\/types\/product"}],"replies":[{"embeddable":true,"href":"https:\/\/eam-scientific.com\/tr\/wp-json\/wp\/v2\/comments?post=12268"}],"wp:featuredmedia":[{"embeddable":true,"href":"https:\/\/eam-scientific.com\/tr\/wp-json\/wp\/v2\/media\/8764"}],"wp:attachment":[{"href":"https:\/\/eam-scientific.com\/tr\/wp-json\/wp\/v2\/media?parent=12268"}],"wp:term":[{"taxonomy":"product_cat","embeddable":true,"href":"https:\/\/eam-scientific.com\/tr\/wp-json\/wp\/v2\/product_cat?post=12268"},{"taxonomy":"product_tag","embeddable":true,"href":"https:\/\/eam-scientific.com\/tr\/wp-json\/wp\/v2\/product_tag?post=12268"}],"curies":[{"name":"wp","href":"https:\/\/api.w.org\/{rel}","templated":true}]}}