{"id":12312,"date":"2024-06-20T15:02:20","date_gmt":"2024-06-20T13:02:20","guid":{"rendered":"https:\/\/eam-scientific.com\/produkt\/kivrik-agizli-sise-n-11-116x320-mm-11-ml-konik-seffaf\/"},"modified":"2024-06-20T15:02:20","modified_gmt":"2024-06-20T13:02:20","slug":"kivrik-agizli-sise-n-11-116x320-mm-11-ml-konik-seffaf","status":"publish","type":"product","link":"https:\/\/eam-scientific.com\/tr\/produkt\/kivrik-agizli-sise-n-11-116x320-mm-11-ml-konik-seffaf\/","title":{"rendered":"k\u0131vr\u0131k a\u011f\u0131zl\u0131 \u015fi\u015fe, N 11, 11,6&#215;32,0 mm, 1,1 mL, konik, \u015feffaf"},"content":{"rendered":"<p>Bu mikro \u015fi\u015fe, otomatik \u00f6rnekleyicide \u00e7al\u0131\u015ft\u0131rmak i\u00e7in bir adapt\u00f6r gerektirir. Konik u\u00e7, numune almak i\u00e7in ideal ko\u015fullar sunar.<\/p>\n","protected":false},"excerpt":{"rendered":"<p>Bu mikro \u015fi\u015fe, otomatik \u00f6rnekleyicide \u00e7al\u0131\u015ft\u0131rmak i\u00e7in bir adapt\u00f6r gerektirir. Konik u\u00e7, numune almak i\u00e7in ideal ko\u015fullar sunar.<\/p>\n","protected":false},"featured_media":8722,"comment_status":"open","ping_status":"closed","template":"","meta":[],"product_cat":[67,99,92],"product_tag":[],"class_list":{"0":"post-12312","1":"product","2":"type-product","3":"status-publish","4":"has-post-thumbnail","6":"product_cat-kromatografi","7":"product_cat-siseler","8":"product_cat-vial-ve-kapaklar","10":"first","11":"instock","12":"shipping-taxable","13":"product-type-simple"},"_links":{"self":[{"href":"https:\/\/eam-scientific.com\/tr\/wp-json\/wp\/v2\/product\/12312","targetHints":{"allow":["GET"]}}],"collection":[{"href":"https:\/\/eam-scientific.com\/tr\/wp-json\/wp\/v2\/product"}],"about":[{"href":"https:\/\/eam-scientific.com\/tr\/wp-json\/wp\/v2\/types\/product"}],"replies":[{"embeddable":true,"href":"https:\/\/eam-scientific.com\/tr\/wp-json\/wp\/v2\/comments?post=12312"}],"wp:featuredmedia":[{"embeddable":true,"href":"https:\/\/eam-scientific.com\/tr\/wp-json\/wp\/v2\/media\/8722"}],"wp:attachment":[{"href":"https:\/\/eam-scientific.com\/tr\/wp-json\/wp\/v2\/media?parent=12312"}],"wp:term":[{"taxonomy":"product_cat","embeddable":true,"href":"https:\/\/eam-scientific.com\/tr\/wp-json\/wp\/v2\/product_cat?post=12312"},{"taxonomy":"product_tag","embeddable":true,"href":"https:\/\/eam-scientific.com\/tr\/wp-json\/wp\/v2\/product_tag?post=12312"}],"curies":[{"name":"wp","href":"https:\/\/api.w.org\/{rel}","templated":true}]}}