{"id":12325,"date":"2024-06-20T15:02:20","date_gmt":"2024-06-20T13:02:20","guid":{"rendered":"https:\/\/eam-scientific.com\/produkt\/haddelenmis-agizli-sise-n-13-1375x350-mm-20-ml-duez-taban-seffaf\/"},"modified":"2024-06-20T15:02:20","modified_gmt":"2024-06-20T13:02:20","slug":"haddelenmis-agizli-sise-n-13-1375x350-mm-20-ml-duez-taban-seffaf","status":"publish","type":"product","link":"https:\/\/eam-scientific.com\/tr\/produkt\/haddelenmis-agizli-sise-n-13-1375x350-mm-20-ml-duez-taban-seffaf\/","title":{"rendered":"Haddelenmi\u015f a\u011f\u0131zl\u0131 \u015fi\u015fe, N 13, 13,75&#215;35,0 mm, 2,0 mL, d\u00fcz taban, \u015feffaf"},"content":{"rendered":"<p>Ambalaj sekt\u00f6r\u00fc i\u00e7in 13 mm&#8217;lik k\u0131vr\u0131ml\u0131 kapaklarla kapat\u0131labilen evrensel haddelenmi\u015f a\u011f\u0131zl\u0131 \u015fi\u015fe.<\/p>\n","protected":false},"excerpt":{"rendered":"<p>Ambalaj sekt\u00f6r\u00fc i\u00e7in 13 mm&#8217;lik k\u0131vr\u0131ml\u0131 kapaklarla kapat\u0131labilen evrensel haddelenmi\u015f a\u011f\u0131zl\u0131 \u015fi\u015fe.<\/p>\n","protected":false},"featured_media":8710,"comment_status":"open","ping_status":"closed","template":"","meta":[],"product_cat":[67,99,92],"product_tag":[],"class_list":{"0":"post-12325","1":"product","2":"type-product","3":"status-publish","4":"has-post-thumbnail","6":"product_cat-kromatografi","7":"product_cat-siseler","8":"product_cat-vial-ve-kapaklar","10":"first","11":"instock","12":"shipping-taxable","13":"product-type-simple"},"_links":{"self":[{"href":"https:\/\/eam-scientific.com\/tr\/wp-json\/wp\/v2\/product\/12325","targetHints":{"allow":["GET"]}}],"collection":[{"href":"https:\/\/eam-scientific.com\/tr\/wp-json\/wp\/v2\/product"}],"about":[{"href":"https:\/\/eam-scientific.com\/tr\/wp-json\/wp\/v2\/types\/product"}],"replies":[{"embeddable":true,"href":"https:\/\/eam-scientific.com\/tr\/wp-json\/wp\/v2\/comments?post=12325"}],"wp:featuredmedia":[{"embeddable":true,"href":"https:\/\/eam-scientific.com\/tr\/wp-json\/wp\/v2\/media\/8710"}],"wp:attachment":[{"href":"https:\/\/eam-scientific.com\/tr\/wp-json\/wp\/v2\/media?parent=12325"}],"wp:term":[{"taxonomy":"product_cat","embeddable":true,"href":"https:\/\/eam-scientific.com\/tr\/wp-json\/wp\/v2\/product_cat?post=12325"},{"taxonomy":"product_tag","embeddable":true,"href":"https:\/\/eam-scientific.com\/tr\/wp-json\/wp\/v2\/product_tag?post=12325"}],"curies":[{"name":"wp","href":"https:\/\/api.w.org\/{rel}","templated":true}]}}