{"id":12439,"date":"2024-06-20T14:59:42","date_gmt":"2024-06-20T12:59:42","guid":{"rendered":"https:\/\/eam-scientific.com\/produkt\/siringa-filtresi-kombi-chromafil-gf-pet-1-%c2%b5m-045-%c2%b5m\/"},"modified":"2024-06-20T14:59:42","modified_gmt":"2024-06-20T12:59:42","slug":"siringa-filtresi-kombi-chromafil-gf-pet-1-%c2%b5m-045-%c2%b5m","status":"publish","type":"product","link":"https:\/\/eam-scientific.com\/tr\/produkt\/siringa-filtresi-kombi-chromafil-gf-pet-1-%c2%b5m-045-%c2%b5m\/","title":{"rendered":"\u015e\u0131r\u0131nga filtresi (kombi), CHROMAFIL GF \/ PET, 1 \u00b5m \/ 0,45 \u00b5m"},"content":{"rendered":"<p>Kombi \u015f\u0131r\u0131nga filtreleri, y\u00fcksek partik\u00fcl y\u00fck\u00fcne sahip \u00e7\u00f6zeltiler veya y\u00fcksek viskoziteli \u00e7\u00f6zeltiler i\u00e7in \u00f6nerilir. Bu \u00fcr\u00fcnler kaba bir cam elyaf \u00f6n filtre ile ana filtre olarak dar g\u00f6zenekli bir polyester (polietilen tereftalat) membran\u0131 birle\u015ftirir. Hidrofilik \u00e7ok y\u00f6nl\u00fc PET membran hem polar hem de polar olmayan \u00e7\u00f6z\u00fcc\u00fcler i\u00e7in uygundur. \u00d6zellikle su ve organik \u00e7\u00f6z\u00fcc\u00fc kar\u0131\u015f\u0131mlar\u0131 i\u00e7in uygun olan HPLC filtresidir. T\u00fcm CHROMAFIL filtreleri otoklavlanabilir (121 \u00b0C ve 30 dakika boyunca 1,1 bar)!  <\/p>\n","protected":false},"excerpt":{"rendered":"<p>Kombi \u015f\u0131r\u0131nga filtreleri, y\u00fcksek partik\u00fcl y\u00fck\u00fcne sahip \u00e7\u00f6zeltiler veya y\u00fcksek viskoziteli \u00e7\u00f6zeltiler i\u00e7in \u00f6nerilir. Bu \u00fcr\u00fcnler kaba bir cam elyaf \u00f6n filtre ile ana filtre olarak dar g\u00f6zenekli bir polyester (polietilen tereftalat) membran\u0131 birle\u015ftirir. Hidrofilik \u00e7ok y\u00f6nl\u00fc PET membran hem polar hem de polar olmayan \u00e7\u00f6z\u00fcc\u00fcler i\u00e7in uygundur. \u00d6zellikle su ve organik \u00e7\u00f6z\u00fcc\u00fc kar\u0131\u015f\u0131mlar\u0131 i\u00e7in [&hellip;]<\/p>\n","protected":false},"featured_media":15635,"comment_status":"open","ping_status":"closed","template":"","meta":[],"product_cat":[67,84,85],"product_tag":[],"class_list":{"0":"post-12439","1":"product","2":"type-product","3":"status-publish","4":"has-post-thumbnail","6":"product_cat-kromatografi","7":"product_cat-oernek-filtreleme","8":"product_cat-siringa-filtresi","10":"first","11":"instock","12":"shipping-taxable","13":"product-type-simple"},"_links":{"self":[{"href":"https:\/\/eam-scientific.com\/tr\/wp-json\/wp\/v2\/product\/12439","targetHints":{"allow":["GET"]}}],"collection":[{"href":"https:\/\/eam-scientific.com\/tr\/wp-json\/wp\/v2\/product"}],"about":[{"href":"https:\/\/eam-scientific.com\/tr\/wp-json\/wp\/v2\/types\/product"}],"replies":[{"embeddable":true,"href":"https:\/\/eam-scientific.com\/tr\/wp-json\/wp\/v2\/comments?post=12439"}],"wp:featuredmedia":[{"embeddable":true,"href":"https:\/\/eam-scientific.com\/tr\/wp-json\/wp\/v2\/media\/15635"}],"wp:attachment":[{"href":"https:\/\/eam-scientific.com\/tr\/wp-json\/wp\/v2\/media?parent=12439"}],"wp:term":[{"taxonomy":"product_cat","embeddable":true,"href":"https:\/\/eam-scientific.com\/tr\/wp-json\/wp\/v2\/product_cat?post=12439"},{"taxonomy":"product_tag","embeddable":true,"href":"https:\/\/eam-scientific.com\/tr\/wp-json\/wp\/v2\/product_tag?post=12439"}],"curies":[{"name":"wp","href":"https:\/\/api.w.org\/{rel}","templated":true}]}}