{"id":12536,"date":"2024-06-20T15:06:52","date_gmt":"2024-06-20T13:06:52","guid":{"rendered":"https:\/\/eam-scientific.com\/produkt\/vidali-kapak-bagli-n-9-pp-mavi-delikli-kirmizi-kaucuk-tef-10-mm\/"},"modified":"2024-06-20T15:06:52","modified_gmt":"2024-06-20T13:06:52","slug":"vidali-kapak-bagli-n-9-pp-mavi-delikli-kirmizi-kaucuk-tef-10-mm","status":"publish","type":"product","link":"https:\/\/eam-scientific.com\/tr\/produkt\/vidali-kapak-bagli-n-9-pp-mavi-delikli-kirmizi-kaucuk-tef-10-mm\/","title":{"rendered":"Vidal\u0131 kapak (ba\u011fl\u0131), N 9, PP, mavi, delikli, K\u0131rm\u0131z\u0131 Kau\u00e7uk\/TEF, 1,0 mm"},"content":{"rendered":"<p>K\u0131rm\u0131z\u0131 Kau\u00e7uk\/TEF renksiz s\u0131zd\u0131rmazl\u0131k diskleri ile yap\u0131\u015ft\u0131r\u0131lm\u0131\u015f vidal\u0131 kapaklar N 9. Septa kapa\u011fa s\u0131k\u0131ca tutturulmu\u015ftur ve \u00e7\u0131kar\u0131lamaz.<\/p>\n","protected":false},"excerpt":{"rendered":"<p>K\u0131rm\u0131z\u0131 Kau\u00e7uk\/TEF renksiz s\u0131zd\u0131rmazl\u0131k diskleri ile yap\u0131\u015ft\u0131r\u0131lm\u0131\u015f vidal\u0131 kapaklar N 9. Septa kapa\u011fa s\u0131k\u0131ca tutturulmu\u015ftur ve \u00e7\u0131kar\u0131lamaz.<\/p>\n","protected":false},"featured_media":9100,"comment_status":"open","ping_status":"closed","template":"","meta":[],"product_cat":[98,97,67,92],"product_tag":[],"class_list":{"0":"post-12536","1":"product","2":"type-product","3":"status-publish","4":"has-post-thumbnail","6":"product_cat-kapaklar-ve-septalar","7":"product_cat-kapanislar","8":"product_cat-kromatografi","9":"product_cat-vial-ve-kapaklar","11":"first","12":"instock","13":"shipping-taxable","14":"product-type-simple"},"_links":{"self":[{"href":"https:\/\/eam-scientific.com\/tr\/wp-json\/wp\/v2\/product\/12536","targetHints":{"allow":["GET"]}}],"collection":[{"href":"https:\/\/eam-scientific.com\/tr\/wp-json\/wp\/v2\/product"}],"about":[{"href":"https:\/\/eam-scientific.com\/tr\/wp-json\/wp\/v2\/types\/product"}],"replies":[{"embeddable":true,"href":"https:\/\/eam-scientific.com\/tr\/wp-json\/wp\/v2\/comments?post=12536"}],"wp:featuredmedia":[{"embeddable":true,"href":"https:\/\/eam-scientific.com\/tr\/wp-json\/wp\/v2\/media\/9100"}],"wp:attachment":[{"href":"https:\/\/eam-scientific.com\/tr\/wp-json\/wp\/v2\/media?parent=12536"}],"wp:term":[{"taxonomy":"product_cat","embeddable":true,"href":"https:\/\/eam-scientific.com\/tr\/wp-json\/wp\/v2\/product_cat?post=12536"},{"taxonomy":"product_tag","embeddable":true,"href":"https:\/\/eam-scientific.com\/tr\/wp-json\/wp\/v2\/product_tag?post=12536"}],"curies":[{"name":"wp","href":"https:\/\/api.w.org\/{rel}","templated":true}]}}