{"id":12585,"date":"2024-06-20T15:06:30","date_gmt":"2024-06-20T13:06:30","guid":{"rendered":"https:\/\/eam-scientific.com\/produkt\/vidali-kapak-n-18-magn-guemues-kapali-silikon-w-ptfe-mavi-15-mm\/"},"modified":"2024-06-20T15:06:30","modified_gmt":"2024-06-20T13:06:30","slug":"vidali-kapak-n-18-magn-guemues-kapali-silikon-w-ptfe-mavi-15-mm","status":"publish","type":"product","link":"https:\/\/eam-scientific.com\/tr\/produkt\/vidali-kapak-n-18-magn-guemues-kapali-silikon-w-ptfe-mavi-15-mm\/","title":{"rendered":"Vidal\u0131 kapak, N 18, magn., g\u00fcm\u00fc\u015f, kapal\u0131, silikon w.\/PTFE mavi, 1,5 mm"},"content":{"rendered":"<p>Numune saklama \/ numune ta\u015f\u0131ma i\u00e7in N 18 di\u015fli \u015fi\u015feler i\u00e7in kapal\u0131 vidal\u0131 kapak. \u0130lgili delikli kapa\u011fa ge\u00e7erek, bu t\u00fcr \u015fi\u015felere uygun cihazlarda daha fazla bo\u015faltma yapmadan bir tepe bo\u015flu\u011fu analizi ger\u00e7ekle\u015ftirilebilir.<\/p>\n","protected":false},"excerpt":{"rendered":"<p>Numune saklama \/ numune ta\u015f\u0131ma i\u00e7in N 18 di\u015fli \u015fi\u015feler i\u00e7in kapal\u0131 vidal\u0131 kapak. \u0130lgili delikli kapa\u011fa ge\u00e7erek, bu t\u00fcr \u015fi\u015felere uygun cihazlarda daha fazla bo\u015faltma yapmadan bir tepe bo\u015flu\u011fu analizi ger\u00e7ekle\u015ftirilebilir.<\/p>\n","protected":false},"featured_media":9050,"comment_status":"open","ping_status":"closed","template":"","meta":[],"product_cat":[98,97,67,92],"product_tag":[],"class_list":{"0":"post-12585","1":"product","2":"type-product","3":"status-publish","4":"has-post-thumbnail","6":"product_cat-kapaklar-ve-septalar","7":"product_cat-kapanislar","8":"product_cat-kromatografi","9":"product_cat-vial-ve-kapaklar","11":"first","12":"instock","13":"shipping-taxable","14":"product-type-simple"},"_links":{"self":[{"href":"https:\/\/eam-scientific.com\/tr\/wp-json\/wp\/v2\/product\/12585","targetHints":{"allow":["GET"]}}],"collection":[{"href":"https:\/\/eam-scientific.com\/tr\/wp-json\/wp\/v2\/product"}],"about":[{"href":"https:\/\/eam-scientific.com\/tr\/wp-json\/wp\/v2\/types\/product"}],"replies":[{"embeddable":true,"href":"https:\/\/eam-scientific.com\/tr\/wp-json\/wp\/v2\/comments?post=12585"}],"wp:featuredmedia":[{"embeddable":true,"href":"https:\/\/eam-scientific.com\/tr\/wp-json\/wp\/v2\/media\/9050"}],"wp:attachment":[{"href":"https:\/\/eam-scientific.com\/tr\/wp-json\/wp\/v2\/media?parent=12585"}],"wp:term":[{"taxonomy":"product_cat","embeddable":true,"href":"https:\/\/eam-scientific.com\/tr\/wp-json\/wp\/v2\/product_cat?post=12585"},{"taxonomy":"product_tag","embeddable":true,"href":"https:\/\/eam-scientific.com\/tr\/wp-json\/wp\/v2\/product_tag?post=12585"}],"curies":[{"name":"wp","href":"https:\/\/api.w.org\/{rel}","templated":true}]}}