{"id":12629,"date":"2024-06-20T15:06:08","date_gmt":"2024-06-20T13:06:08","guid":{"rendered":"https:\/\/eam-scientific.com\/produkt\/vidali-kapak-bagli-n-10-pp-siyah-delikli-sil-w-ptfe-mavi-oluklu-15-mm\/"},"modified":"2024-06-20T15:06:08","modified_gmt":"2024-06-20T13:06:08","slug":"vidali-kapak-bagli-n-10-pp-siyah-delikli-sil-w-ptfe-mavi-oluklu-15-mm","status":"publish","type":"product","link":"https:\/\/eam-scientific.com\/tr\/produkt\/vidali-kapak-bagli-n-10-pp-siyah-delikli-sil-w-ptfe-mavi-oluklu-15-mm\/","title":{"rendered":"Vidal\u0131 kapak (ba\u011fl\u0131), N 10, PP, siyah, delikli, Sil.w.\/PTFE mavi, oluklu, 1,5 mm"},"content":{"rendered":"<p>K\u00fcnt HPLC i\u011fnelerinin g\u00fcvenli bir \u015fekilde girmesi i\u00e7in s\u0131k\u0131ca ba\u011flanm\u0131\u015f septum, \u00f6rne\u011fin Waters cihazlar\u0131 i\u00e7in. Septum \u015fi\u015fenin i\u00e7ine bast\u0131r\u0131lamaz.<\/p>\n","protected":false},"excerpt":{"rendered":"<p>K\u00fcnt HPLC i\u011fnelerinin g\u00fcvenli bir \u015fekilde girmesi i\u00e7in s\u0131k\u0131ca ba\u011flanm\u0131\u015f septum, \u00f6rne\u011fin Waters cihazlar\u0131 i\u00e7in. Septum \u015fi\u015fenin i\u00e7ine bast\u0131r\u0131lamaz.<\/p>\n","protected":false},"featured_media":9008,"comment_status":"open","ping_status":"closed","template":"","meta":[],"product_cat":[98,97,67,92],"product_tag":[],"class_list":{"0":"post-12629","1":"product","2":"type-product","3":"status-publish","4":"has-post-thumbnail","6":"product_cat-kapaklar-ve-septalar","7":"product_cat-kapanislar","8":"product_cat-kromatografi","9":"product_cat-vial-ve-kapaklar","11":"first","12":"instock","13":"shipping-taxable","14":"product-type-simple"},"_links":{"self":[{"href":"https:\/\/eam-scientific.com\/tr\/wp-json\/wp\/v2\/product\/12629","targetHints":{"allow":["GET"]}}],"collection":[{"href":"https:\/\/eam-scientific.com\/tr\/wp-json\/wp\/v2\/product"}],"about":[{"href":"https:\/\/eam-scientific.com\/tr\/wp-json\/wp\/v2\/types\/product"}],"replies":[{"embeddable":true,"href":"https:\/\/eam-scientific.com\/tr\/wp-json\/wp\/v2\/comments?post=12629"}],"wp:featuredmedia":[{"embeddable":true,"href":"https:\/\/eam-scientific.com\/tr\/wp-json\/wp\/v2\/media\/9008"}],"wp:attachment":[{"href":"https:\/\/eam-scientific.com\/tr\/wp-json\/wp\/v2\/media?parent=12629"}],"wp:term":[{"taxonomy":"product_cat","embeddable":true,"href":"https:\/\/eam-scientific.com\/tr\/wp-json\/wp\/v2\/product_cat?post=12629"},{"taxonomy":"product_tag","embeddable":true,"href":"https:\/\/eam-scientific.com\/tr\/wp-json\/wp\/v2\/product_tag?post=12629"}],"curies":[{"name":"wp","href":"https:\/\/api.w.org\/{rel}","templated":true}]}}