{"id":12687,"date":"2024-06-20T15:05:28","date_gmt":"2024-06-20T13:05:28","guid":{"rendered":"https:\/\/eam-scientific.com\/produkt\/havsa-kapagi-n-20-alueminyum-tam-yirtilabilir-silikon-beyaz-ptfe-bej-30-mm\/"},"modified":"2024-06-20T15:05:28","modified_gmt":"2024-06-20T13:05:28","slug":"havsa-kapagi-n-20-alueminyum-tam-yirtilabilir-silikon-beyaz-ptfe-bej-30-mm","status":"publish","type":"product","link":"https:\/\/eam-scientific.com\/tr\/produkt\/havsa-kapagi-n-20-alueminyum-tam-yirtilabilir-silikon-beyaz-ptfe-bej-30-mm\/","title":{"rendered":"Hav\u015fa kapa\u011f\u0131, N 20, al\u00fcminyum, tam y\u0131rt\u0131labilir, silikon beyaz\/PTFE bej, 3,0 mm"},"content":{"rendered":"<p>Tam y\u0131rtma kapaklar, kapa\u011f\u0131 merkezden kapak duvarlar\u0131n\u0131n \u00fczerine do\u011fru y\u0131rtarak a\u00e7ma pensesi yard\u0131m\u0131 olmadan \u00e7\u0131kar\u0131labilen geni\u015fletilmi\u015f kapaklard\u0131r. Bu \u00fcr\u00fcn, y\u00fcksek analitik safl\u0131k ile karakterize edilen silikon\/PTFE delikli diske sahip bir kapakt\u0131r.&nbsp;<\/p>\n","protected":false},"excerpt":{"rendered":"<p>Tam y\u0131rtma kapaklar, kapa\u011f\u0131 merkezden kapak duvarlar\u0131n\u0131n \u00fczerine do\u011fru y\u0131rtarak a\u00e7ma pensesi yard\u0131m\u0131 olmadan \u00e7\u0131kar\u0131labilen geni\u015fletilmi\u015f kapaklard\u0131r. Bu \u00fcr\u00fcn, y\u00fcksek analitik safl\u0131k ile karakterize edilen silikon\/PTFE delikli diske sahip bir kapakt\u0131r.&nbsp;<\/p>\n","protected":false},"featured_media":8944,"comment_status":"open","ping_status":"closed","template":"","meta":[],"product_cat":[98,97,67,92],"product_tag":[],"class_list":{"0":"post-12687","1":"product","2":"type-product","3":"status-publish","4":"has-post-thumbnail","6":"product_cat-kapaklar-ve-septalar","7":"product_cat-kapanislar","8":"product_cat-kromatografi","9":"product_cat-vial-ve-kapaklar","11":"first","12":"instock","13":"shipping-taxable","14":"product-type-simple"},"_links":{"self":[{"href":"https:\/\/eam-scientific.com\/tr\/wp-json\/wp\/v2\/product\/12687","targetHints":{"allow":["GET"]}}],"collection":[{"href":"https:\/\/eam-scientific.com\/tr\/wp-json\/wp\/v2\/product"}],"about":[{"href":"https:\/\/eam-scientific.com\/tr\/wp-json\/wp\/v2\/types\/product"}],"replies":[{"embeddable":true,"href":"https:\/\/eam-scientific.com\/tr\/wp-json\/wp\/v2\/comments?post=12687"}],"wp:featuredmedia":[{"embeddable":true,"href":"https:\/\/eam-scientific.com\/tr\/wp-json\/wp\/v2\/media\/8944"}],"wp:attachment":[{"href":"https:\/\/eam-scientific.com\/tr\/wp-json\/wp\/v2\/media?parent=12687"}],"wp:term":[{"taxonomy":"product_cat","embeddable":true,"href":"https:\/\/eam-scientific.com\/tr\/wp-json\/wp\/v2\/product_cat?post=12687"},{"taxonomy":"product_tag","embeddable":true,"href":"https:\/\/eam-scientific.com\/tr\/wp-json\/wp\/v2\/product_tag?post=12687"}],"curies":[{"name":"wp","href":"https:\/\/api.w.org\/{rel}","templated":true}]}}