{"id":12691,"date":"2024-06-20T15:05:28","date_gmt":"2024-06-20T13:05:28","guid":{"rendered":"https:\/\/eam-scientific.com\/produkt\/flare-kapak-n-20-alueminyum-patlama-kapagi-guemues-delikli-septumsuz\/"},"modified":"2024-06-20T15:05:28","modified_gmt":"2024-06-20T13:05:28","slug":"flare-kapak-n-20-alueminyum-patlama-kapagi-guemues-delikli-septumsuz","status":"publish","type":"product","link":"https:\/\/eam-scientific.com\/tr\/produkt\/flare-kapak-n-20-alueminyum-patlama-kapagi-guemues-delikli-septumsuz\/","title":{"rendered":"Flare kapak, N 20, al\u00fcminyum, patlama kapa\u011f\u0131, g\u00fcm\u00fc\u015f, delikli, septumsuz"},"content":{"rendered":"<p>Bu g\u00fcvenlik kapa\u011f\u0131, y\u00fcksek s\u0131cakl\u0131k aral\u0131\u011f\u0131nda headspace analizinde kullan\u0131l\u0131r. &nbsp;Kapa\u011f\u0131n \u00f6nceden belirlenmi\u015f k\u0131r\u0131lma hatlar\u0131n\u0131n tutucu a\u011flar\u0131, 3 bar&#8217;dan (\u00b1 0,5 bar) daha y\u00fcksek bir i\u00e7 silindir bas\u0131nc\u0131nda a\u00e7\u0131l\u0131r ve b\u00f6ylece fazla bas\u0131nc\u0131n kontroll\u00fc bir \u015fekilde d\u0131\u015far\u0131 \u00e7\u0131kmas\u0131na izin verir. Patlama ba\u015fl\u0131\u011f\u0131n\u0131n i\u015flevselli\u011fi haddelenmi\u015f kenar\u0131n tasar\u0131m\u0131na (e\u011fimli veya d\u00fcz haddelenmi\u015f kenar) ba\u011fl\u0131 de\u011fildir.<\/p>\n","protected":false},"excerpt":{"rendered":"<p>Bu g\u00fcvenlik kapa\u011f\u0131, y\u00fcksek s\u0131cakl\u0131k aral\u0131\u011f\u0131nda headspace analizinde kullan\u0131l\u0131r. &nbsp;Kapa\u011f\u0131n \u00f6nceden belirlenmi\u015f k\u0131r\u0131lma hatlar\u0131n\u0131n tutucu a\u011flar\u0131, 3 bar&#8217;dan (\u00b1 0,5 bar) daha y\u00fcksek bir i\u00e7 silindir bas\u0131nc\u0131nda a\u00e7\u0131l\u0131r ve b\u00f6ylece fazla bas\u0131nc\u0131n kontroll\u00fc bir \u015fekilde d\u0131\u015far\u0131 \u00e7\u0131kmas\u0131na izin verir. Patlama ba\u015fl\u0131\u011f\u0131n\u0131n i\u015flevselli\u011fi haddelenmi\u015f kenar\u0131n tasar\u0131m\u0131na (e\u011fimli veya d\u00fcz haddelenmi\u015f kenar) ba\u011fl\u0131 de\u011fildir.<\/p>\n","protected":false},"featured_media":8942,"comment_status":"open","ping_status":"closed","template":"","meta":[],"product_cat":[98,97,67,92],"product_tag":[],"class_list":{"0":"post-12691","1":"product","2":"type-product","3":"status-publish","4":"has-post-thumbnail","6":"product_cat-kapaklar-ve-septalar","7":"product_cat-kapanislar","8":"product_cat-kromatografi","9":"product_cat-vial-ve-kapaklar","11":"first","12":"instock","13":"shipping-taxable","14":"product-type-simple"},"_links":{"self":[{"href":"https:\/\/eam-scientific.com\/tr\/wp-json\/wp\/v2\/product\/12691","targetHints":{"allow":["GET"]}}],"collection":[{"href":"https:\/\/eam-scientific.com\/tr\/wp-json\/wp\/v2\/product"}],"about":[{"href":"https:\/\/eam-scientific.com\/tr\/wp-json\/wp\/v2\/types\/product"}],"replies":[{"embeddable":true,"href":"https:\/\/eam-scientific.com\/tr\/wp-json\/wp\/v2\/comments?post=12691"}],"wp:featuredmedia":[{"embeddable":true,"href":"https:\/\/eam-scientific.com\/tr\/wp-json\/wp\/v2\/media\/8942"}],"wp:attachment":[{"href":"https:\/\/eam-scientific.com\/tr\/wp-json\/wp\/v2\/media?parent=12691"}],"wp:term":[{"taxonomy":"product_cat","embeddable":true,"href":"https:\/\/eam-scientific.com\/tr\/wp-json\/wp\/v2\/product_cat?post=12691"},{"taxonomy":"product_tag","embeddable":true,"href":"https:\/\/eam-scientific.com\/tr\/wp-json\/wp\/v2\/product_tag?post=12691"}],"curies":[{"name":"wp","href":"https:\/\/api.w.org\/{rel}","templated":true}]}}