{"id":12804,"date":"2024-06-20T15:11:29","date_gmt":"2024-06-20T13:11:29","guid":{"rendered":"https:\/\/eam-scientific.com\/produkt\/chromabond-flash-rs-120-sphere-sioh-kartuslari-kueresel-15-%c2%b5m-120-g\/"},"modified":"2024-06-20T15:11:29","modified_gmt":"2024-06-20T13:11:29","slug":"chromabond-flash-rs-120-sphere-sioh-kartuslari-kueresel-15-%c2%b5m-120-g","status":"publish","type":"product","link":"https:\/\/eam-scientific.com\/tr\/produkt\/chromabond-flash-rs-120-sphere-sioh-kartuslari-kueresel-15-%c2%b5m-120-g\/","title":{"rendered":"CHROMABOND Flash RS 120 SPHERE SiOH kartu\u015flar\u0131, k\u00fcresel, 15 \u00b5m, 120 g"},"content":{"rendered":"<p>Geli\u015fmi\u015f fla\u015f performans\u0131 i\u00e7in CHROMABOND Flash RS SPHERE SiOH. Spesifik y\u00fczey alan\u0131 geleneksel silika jellere g\u00f6re %40 daha y\u00fcksektir, bu da daha y\u00fcksek numune y\u00fcklemesine olanak sa\u011flar (daha k\u00fc\u00e7\u00fck kartu\u015flar kullan\u0131labilir). Daha k\u00fc\u00e7\u00fck kartu\u015flar daha az solvent gerektirir ve daha h\u0131zl\u0131 separasyon sa\u011flar. Daha iyi sonu\u00e7lar i\u00e7in k\u00fcresel par\u00e7ac\u0131klar.<\/p>\n","protected":false},"excerpt":{"rendered":"<p>Geli\u015fmi\u015f fla\u015f performans\u0131 i\u00e7in CHROMABOND Flash RS SPHERE SiOH. Spesifik y\u00fczey alan\u0131 geleneksel silika jellere g\u00f6re %40 daha y\u00fcksektir, bu da daha y\u00fcksek numune y\u00fcklemesine olanak sa\u011flar (daha k\u00fc\u00e7\u00fck kartu\u015flar kullan\u0131labilir). Daha k\u00fc\u00e7\u00fck kartu\u015flar daha az solvent gerektirir ve daha h\u0131zl\u0131 separasyon sa\u011flar. Daha iyi sonu\u00e7lar i\u00e7in k\u00fcresel par\u00e7ac\u0131klar.<\/p>\n","protected":false},"featured_media":9436,"comment_status":"open","ping_status":"closed","template":"","meta":[],"product_cat":[108,106,67],"product_tag":[],"class_list":{"0":"post-12804","1":"product","2":"type-product","3":"status-publish","4":"has-post-thumbnail","6":"product_cat-flas-kartuslari","7":"product_cat-flas-kromatografi-lc-sorbentleri","8":"product_cat-kromatografi","10":"first","11":"instock","12":"shipping-taxable","13":"product-type-simple"},"_links":{"self":[{"href":"https:\/\/eam-scientific.com\/tr\/wp-json\/wp\/v2\/product\/12804","targetHints":{"allow":["GET"]}}],"collection":[{"href":"https:\/\/eam-scientific.com\/tr\/wp-json\/wp\/v2\/product"}],"about":[{"href":"https:\/\/eam-scientific.com\/tr\/wp-json\/wp\/v2\/types\/product"}],"replies":[{"embeddable":true,"href":"https:\/\/eam-scientific.com\/tr\/wp-json\/wp\/v2\/comments?post=12804"}],"wp:featuredmedia":[{"embeddable":true,"href":"https:\/\/eam-scientific.com\/tr\/wp-json\/wp\/v2\/media\/9436"}],"wp:attachment":[{"href":"https:\/\/eam-scientific.com\/tr\/wp-json\/wp\/v2\/media?parent=12804"}],"wp:term":[{"taxonomy":"product_cat","embeddable":true,"href":"https:\/\/eam-scientific.com\/tr\/wp-json\/wp\/v2\/product_cat?post=12804"},{"taxonomy":"product_tag","embeddable":true,"href":"https:\/\/eam-scientific.com\/tr\/wp-json\/wp\/v2\/product_tag?post=12804"}],"curies":[{"name":"wp","href":"https:\/\/api.w.org\/{rel}","templated":true}]}}