{"id":13014,"date":"2024-06-20T15:07:53","date_gmt":"2024-06-20T13:07:53","guid":{"rendered":"https:\/\/eam-scientific.com\/produkt\/havsa-kapagi-n-20-alueminyum-delik-butil-acik-gri-ptfe-koyu-gri-30-mm\/"},"modified":"2024-06-20T15:07:53","modified_gmt":"2024-06-20T13:07:53","slug":"havsa-kapagi-n-20-alueminyum-delik-butil-acik-gri-ptfe-koyu-gri-30-mm","status":"publish","type":"product","link":"https:\/\/eam-scientific.com\/tr\/produkt\/havsa-kapagi-n-20-alueminyum-delik-butil-acik-gri-ptfe-koyu-gri-30-mm\/","title":{"rendered":"Hav\u015fa kapa\u011f\u0131, N 20, al\u00fcminyum, delik, butil a\u00e7\u0131k gri\/PTFE koyu gri, 3,0 mm"},"content":{"rendered":"<p>\u0130yi analitik safl\u0131\u011fa sahip en s\u0131k sat\u0131n al\u0131nan butil\/PTFE kapak. Sadece \u015fekilli disk yerine delikli disk ile 70234.9&#8217;a e\u015fde\u011fer kapatma. \u00c7ok iyi fiyat-performans oran\u0131.<\/p>\n","protected":false},"excerpt":{"rendered":"<p>\u0130yi analitik safl\u0131\u011fa sahip en s\u0131k sat\u0131n al\u0131nan butil\/PTFE kapak. Sadece \u015fekilli disk yerine delikli disk ile 70234.9&#8217;a e\u015fde\u011fer kapatma. \u00c7ok iyi fiyat-performans oran\u0131.<\/p>\n","protected":false},"featured_media":9226,"comment_status":"open","ping_status":"closed","template":"","meta":[],"product_cat":[98,97,67,92],"product_tag":[],"class_list":{"0":"post-13014","1":"product","2":"type-product","3":"status-publish","4":"has-post-thumbnail","6":"product_cat-kapaklar-ve-septalar","7":"product_cat-kapanislar","8":"product_cat-kromatografi","9":"product_cat-vial-ve-kapaklar","11":"first","12":"instock","13":"shipping-taxable","14":"product-type-simple"},"_links":{"self":[{"href":"https:\/\/eam-scientific.com\/tr\/wp-json\/wp\/v2\/product\/13014","targetHints":{"allow":["GET"]}}],"collection":[{"href":"https:\/\/eam-scientific.com\/tr\/wp-json\/wp\/v2\/product"}],"about":[{"href":"https:\/\/eam-scientific.com\/tr\/wp-json\/wp\/v2\/types\/product"}],"replies":[{"embeddable":true,"href":"https:\/\/eam-scientific.com\/tr\/wp-json\/wp\/v2\/comments?post=13014"}],"wp:featuredmedia":[{"embeddable":true,"href":"https:\/\/eam-scientific.com\/tr\/wp-json\/wp\/v2\/media\/9226"}],"wp:attachment":[{"href":"https:\/\/eam-scientific.com\/tr\/wp-json\/wp\/v2\/media?parent=13014"}],"wp:term":[{"taxonomy":"product_cat","embeddable":true,"href":"https:\/\/eam-scientific.com\/tr\/wp-json\/wp\/v2\/product_cat?post=13014"},{"taxonomy":"product_tag","embeddable":true,"href":"https:\/\/eam-scientific.com\/tr\/wp-json\/wp\/v2\/product_tag?post=13014"}],"curies":[{"name":"wp","href":"https:\/\/api.w.org\/{rel}","templated":true}]}}