{"id":13333,"date":"2024-06-20T15:12:12","date_gmt":"2024-06-20T13:12:12","guid":{"rendered":"https:\/\/eam-scientific.com\/produkt\/chromabond-flash-rs-1600-sioh-kartuslari-40-63-%c2%b5m-1600-g\/"},"modified":"2024-06-20T15:12:12","modified_gmt":"2024-06-20T13:12:12","slug":"chromabond-flash-rs-1600-sioh-kartuslari-40-63-%c2%b5m-1600-g","status":"publish","type":"product","link":"https:\/\/eam-scientific.com\/tr\/produkt\/chromabond-flash-rs-1600-sioh-kartuslari-40-63-%c2%b5m-1600-g\/","title":{"rendered":"CHROMABOND Flash RS 1600 SiOH kartu\u015flar\u0131, 40-63 \u00b5m, 1600 g"},"content":{"rendered":"<p>CHROMABOND Flash RS SiOH, end\u00fcstride h\u0131zl\u0131 ve ekonomik kromatografik safla\u015ft\u0131rmalarla bilinir. Kullan\u0131ma haz\u0131r fla\u015f kolonlar (kartu\u015flar) y\u00fcksek safl\u0131kta silika jel (asitle y\u0131kanm\u0131\u015f) ile doldurulmu\u015ftur. Not: CHROMABOND RS kartu\u015flar\u0131, herhangi bir pompa\/dedekt\u00f6r\/fraksiyon toplay\u0131c\u0131 kombinasyonuyla ba\u011f\u0131ms\u0131z bir sistem olarak da kullan\u0131labilir (RS 800, RS 1600 ve Maxi Luers&#8217;li RS 3000 hari\u00e7). RS 800, RS 1600 ve RS 3000 i\u00e7in kartu\u015fun kendisinde ek ayarlamalar yap\u0131lmas\u0131 gerekir. Daha fazla bilgi i\u00e7in l\u00fctfen destek ekibimizle ileti\u015fime ge\u00e7in.<\/p>\n","protected":false},"excerpt":{"rendered":"<p>CHROMABOND Flash RS SiOH, end\u00fcstride h\u0131zl\u0131 ve ekonomik kromatografik safla\u015ft\u0131rmalarla bilinir. Kullan\u0131ma haz\u0131r fla\u015f kolonlar (kartu\u015flar) y\u00fcksek safl\u0131kta silika jel (asitle y\u0131kanm\u0131\u015f) ile doldurulmu\u015ftur. Not: CHROMABOND RS kartu\u015flar\u0131, herhangi bir pompa\/dedekt\u00f6r\/fraksiyon toplay\u0131c\u0131 kombinasyonuyla ba\u011f\u0131ms\u0131z bir sistem olarak da kullan\u0131labilir (RS 800, RS 1600 ve Maxi Luers&#8217;li RS 3000 hari\u00e7). RS 800, RS 1600 ve RS [&hellip;]<\/p>\n","protected":false},"featured_media":9506,"comment_status":"open","ping_status":"closed","template":"","meta":[],"product_cat":[108,106,67],"product_tag":[],"class_list":{"0":"post-13333","1":"product","2":"type-product","3":"status-publish","4":"has-post-thumbnail","6":"product_cat-flas-kartuslari","7":"product_cat-flas-kromatografi-lc-sorbentleri","8":"product_cat-kromatografi","10":"first","11":"instock","12":"shipping-taxable","13":"product-type-simple"},"_links":{"self":[{"href":"https:\/\/eam-scientific.com\/tr\/wp-json\/wp\/v2\/product\/13333","targetHints":{"allow":["GET"]}}],"collection":[{"href":"https:\/\/eam-scientific.com\/tr\/wp-json\/wp\/v2\/product"}],"about":[{"href":"https:\/\/eam-scientific.com\/tr\/wp-json\/wp\/v2\/types\/product"}],"replies":[{"embeddable":true,"href":"https:\/\/eam-scientific.com\/tr\/wp-json\/wp\/v2\/comments?post=13333"}],"wp:featuredmedia":[{"embeddable":true,"href":"https:\/\/eam-scientific.com\/tr\/wp-json\/wp\/v2\/media\/9506"}],"wp:attachment":[{"href":"https:\/\/eam-scientific.com\/tr\/wp-json\/wp\/v2\/media?parent=13333"}],"wp:term":[{"taxonomy":"product_cat","embeddable":true,"href":"https:\/\/eam-scientific.com\/tr\/wp-json\/wp\/v2\/product_cat?post=13333"},{"taxonomy":"product_tag","embeddable":true,"href":"https:\/\/eam-scientific.com\/tr\/wp-json\/wp\/v2\/product_tag?post=13333"}],"curies":[{"name":"wp","href":"https:\/\/api.w.org\/{rel}","templated":true}]}}